{"id":12501,"date":"2018-01-05T11:04:32","date_gmt":"2018-01-05T10:04:32","guid":{"rendered":"http:\/\/adsensio.ch\/?page_id=12501"},"modified":"2018-03-11T11:39:37","modified_gmt":"2018-03-11T10:39:37","slug":"impressum_de","status":"publish","type":"page","link":"http:\/\/a2s-sports.com\/?page_id=12501&lang=de","title":{"rendered":"Impressum_de"},"content":{"rendered":"<p><section class=\"ffb-id-qiudomo fg-section fg-el-has-bg fg-text-light\"><span class=\"fg-bg\"><span data-fg-bg=\"{&quot;type&quot;:&quot;image&quot;,&quot;opacity&quot;:&quot;1&quot;,&quot;url&quot;:&quot;http:\\\/\\\/adsensio.ch\\\/wp-content\\\/uploads\\\/2017\\\/12\\\/JFR_3651.jpg&quot;,&quot;size&quot;:&quot;cover&quot;,&quot;repeat&quot;:&quot;no-repeat&quot;,&quot;attachment&quot;:&quot;scroll&quot;,&quot;position&quot;:&quot;center center&quot;}\" class=\"fg-bg-layer fg-bg-type-image \" style=\"opacity: 1; background-image: url(&quot;http:\/\/adsensio.ch\/wp-content\/uploads\/2017\/12\/JFR_3651.jpg&quot;); background-repeat: no-repeat; background-attachment: scroll; background-position: center center; background-size: cover;\"><\/span><\/span><div class=\"fg-container container fg-container-large fg-container-lvl--1 \"><div class=\"fg-row row    \" ><div class=\"ffb-id-qiug00h fg-col col-xs-12 col-md-6 fg-el-has-bg fg-temp-height fg-text-light\" data-fg-force-min-height=\"{&quot;breakpoint_1&quot;:{&quot;height&quot;:&quot;100&quot;,&quot;offset&quot;:&quot;&quot;},&quot;breakpoint_2&quot;:{&quot;height&quot;:&quot;100&quot;,&quot;offset&quot;:&quot;&quot;},&quot;breakpoint_3&quot;:{&quot;height&quot;:&quot;100&quot;,&quot;offset&quot;:&quot;&quot;},&quot;breakpoint_4&quot;:{&quot;height&quot;:&quot;100&quot;,&quot;offset&quot;:&quot;&quot;}}\"><span class=\"fg-bg\"><span data-fg-bg=\"{&quot;type&quot;:&quot;color&quot;,&quot;opacity&quot;:&quot;0.5&quot;,&quot;color&quot;:&quot;#f07504&quot;,&quot;hidden_xs&quot;:&quot;yes&quot;}\" class=\"fg-bg-layer fg-bg-type-color hidden-xs\" style=\"opacity: 0.5; background-color: #f07504;\"><\/span><\/span><div class=\"fg-vcenter-wrapper\"><div class=\"fg-vcenter\"><p class=\"ffb-id-qjbus29 fg-paragraph text-center    fg-text-light\"><\/p>\n<h2 style=\"text-align: center\"><span style=\"color: #ffffff\">\u2022 Impressum \u2022<\/span><\/h2>\n<p>&nbsp;<\/p>\n<p><\/p><\/div><\/div><\/div><div class=\"ffb-id-1sv4bnq0 fg-col col-xs-12 col-md-6 fg-text-light\"><\/div><\/div><\/div><\/section><style>@media (min-width:768px) { .ffb-id-qiug00h{ padding-left: 50px;}}@media (min-width:992px) { .ffb-id-qiug00h{ padding-left: 50px;}}@media (min-width:1200px) { .ffb-id-qiug00h{ padding-left: 50px;}}@media (max-width:767px) {  .ffb-id-qiug00h.fg-temp-height{ height:100vh;}}@media (min-width:768px) and (max-width:991px) {  .ffb-id-qiug00h.fg-temp-height{ height:100vh;}}@media (min-width:992px) and (max-width:1199px) {  .ffb-id-qiug00h.fg-temp-height{ height:100vh;}}@media (min-width:1200px) {  .ffb-id-qiug00h.fg-temp-height{ height:100vh;}}<\/style><script type=\"text\/javascript\"><\/script><a class=\"ffb-id-qj2ffaj ffb-scrollto-link ffb-scrollto ffb-scrollto-anim-bounce fg-text-dark\" href=\"#\"><i class=\"ffb-scrollto-icon ff-font-awesome4 icon-angle-double-down fg-text-dark ffb-one-icon-1\"><\/i><\/a><style>@media (min-width:768px) { \n.ffb-id-qiug00h{ \npadding-left: 50px;\n\n}\n}@media (min-width:992px) { \n.ffb-id-qiug00h{ \npadding-left: 50px;\n\n}\n}@media (min-width:1200px) { \n.ffb-id-qiug00h{ \npadding-left: 50px;\n\n}\n}@media (max-width:767px) { \n .ffb-id-qiug00h.fg-temp-height{ \nheight:100vh;\n}\n}@media (min-width:768px) and (max-width:991px) { \n .ffb-id-qiug00h.fg-temp-height{ \nheight:100vh;\n}\n}@media (min-width:992px) and (max-width:1199px) { \n .ffb-id-qiug00h.fg-temp-height{ \nheight:100vh;\n}\n}@media (min-width:1200px) { \n .ffb-id-qiug00h.fg-temp-height{ \nheight:100vh;\n}\n}<\/style><script type=\"text\/javascript\"><\/script><section class=\"ffb-id-1r5l2t2u fg-section fg-text-dark\"><div class=\"fg-container container fg-container-large fg-container-lvl--1 \"><div class=\"fg-row row    \" ><div class=\"ffb-id-1r5otq51 fg-col col-xs-12 col-md-12 fg-text-dark\"><div class=\"fg-vcenter-wrapper\"><div class=\"fg-vcenter\"><h3 class=\"ffb-id-1r5p4csc fg-text-dark\">Since&nbsp;<img loading=\"lazy\" decoding=\"async\" src=\"\/wp-content\/uploads\/2018\/01\/a2s_Ski_BW-v2a.png\" alt=\"A2S-Sports Logo bw\" width=\"60\" height=\"60\" align=\"middle\" \/>&nbsp;2004<\/h3><div class=\"ffb-id-1r5qeojq ffg-empty-space fg-text-dark\"><\/div><\/div><\/div><\/div><div class=\"ffb-id-1r5l2t2v fg-col col-xs-12 col-md-2 fg-text-dark\"><\/div><div class=\"ffb-id-1r5l2t30 fg-col col-xs-12 col-md-8 fg-text-dark\"><div class=\"ffb-id-1r5kt13i fg-paragraph ff-richtext text-left    fg-text-dark\"><\/p>\n<h2 style=\"text-align: center\">INHABER &amp; VERANTWORTLICH F\u00dcR DEN INHALT<\/h2>\n<p style=\"text-align: center\"><strong>A2S KG des Veith Alois &amp; Co<\/strong><br \/>\nHauptstrasse 15<br \/>\n39029 Sulden (BZ) \/ Italien<\/p>\n<p style=\"text-align: center\">info@A2S-Sports.com<br \/>\n+39 335 542 5007<br \/>\nUSt-IdNr. (UID-Nr., MwSt.-Nr., Part.IVA) IT02415760210<\/p>\n<p style=\"text-align: center\">\n<h3 style=\"text-align: center\">Konzept, Design &amp; Programmierung<\/h3>\n<p style=\"text-align: center\"><strong>BergSpeck<\/strong><br \/>\nGislifluhweg 6A, CH-5023 Biberstein (AG)<br \/>\nMail:\u00a0<a style=\"text-decoration: none;position: relative;color: #512f27;font-weight: bold\" title=\"info@optimaclicks.it\" href=\"mailto:info@optimaclicks.it\">info@bergspeck.com<\/a><\/p>\n<p style=\"text-align: center\"><a style=\"text-decoration: none;position: relative;color: #512f27;font-weight: bold\" title=\"www.optimaclicks.it\" href=\"http:\/\/www.bergspeck.com\" target=\"_blank\" rel=\"noopener\">www.bergspeck.com<\/a><\/p>\n<p><\/div><div class=\"ffb-id-1r5qmcdd ffg-empty-space fg-text-dark\"><\/div><div class=\"ffb-id-1r5nsoc0 fg-paragraph ff-richtext text-left    fg-text-dark\"><\/p>\n<p style=\"margin-top: 0px;margin-bottom: 20px;color: #745852;font-family: 'Open Sans', sans-serif;font-size: 15px\"><strong>Haftungshinweis:<\/strong><br \/>\nTrotz sorgf\u00e4ltiger inhaltlicher Kontrolle k\u00f6nnen wir keine Haftung f\u00fcr die Inhalte externer Links und auf unserer Homepage hingewiesene andere Internetseiten \u00fcbernehmen. F\u00fcr diese sind ausschlie\u00dflich deren Betreiber verantwortlich.<\/p>\n<p style=\"margin-top: 0px;margin-bottom: 20px;color: #745852;font-family: 'Open Sans', sans-serif;font-size: 15px\"><strong>Haftungsausschluss:<\/strong><br \/>\nWir und unsere Webmaster \u00fcbernehmen keinerlei Haftung oder Garantie f\u00fcr die Aktualit\u00e4t, Richtigkeit und Vollst\u00e4ndigkeit der zur Verf\u00fcgung gestellten Informationen. Gleiches gilt auch f\u00fcr alle anderen Internetseiten, auf die mit Hyperlinks verwiesen wird. Wir weisen ausdr\u00fccklich darauf hin, dass wir f\u00fcr den Inhalt fremder Seiten, weder verantwortlich sind noch jegliche Einflussnahme besitzen, schlie\u00dfen also jegliche Haftung oder Garantie unsererseits aus.<\/p>\n<p style=\"margin-top: 0px;margin-bottom: 20px;color: #745852;font-family: 'Open Sans', sans-serif;font-size: 15px\"><strong>Urheberschutz (Copyright):<\/strong><br \/>\nInhalt und Struktur dieser Website sind urheberrechtlich gesch\u00fctzt. Die Verwendung oder Vervielf\u00e4ltigung von Informationen, Texten, Textteilen oder Bildmaterial bedarf, sofern nicht ausdr\u00fccklich anders gekennzeichnet, der vorherigen Zustimmung.<\/p>\n<p style=\"margin-top: 0px;margin-bottom: 20px;color: #745852;font-family: 'Open Sans', sans-serif;font-size: 15px\">Diverse Bilder auf dieser Website unterliegen dem Copyright \u00a9\u00a0A2S, Alois Veith, Reto Sturzenegger.<\/p>\n<p style=\"margin-top: 0px;margin-bottom: 20px;color: #745852;font-family: 'Open Sans', sans-serif;font-size: 15px\">Im Falle von Domainstreitigkeiten oder wettbewerbsrechtlichen oder \u00e4hnlichen Problemen bitten wir Sie, zur Vermeidung unn\u00f6tiger Rechtsstreite und Kosten, uns bereits im Vorfeld zu kontaktieren. Die Kostennote einer anwaltlichen Abmahnung ohne vorgehende Kontaktaufnahme mit uns wird im Sinne der Schadensminderungspflicht als unbegr\u00fcndet zur\u00fcckgewiesen.<\/p>\n<p style=\"margin-top: 0px;margin-bottom: 20px;color: #745852;font-family: 'Open Sans', sans-serif;font-size: 15px\"><strong>Hinweis \u00fcber die Verwendung von Google Analytics<\/strong><br \/>\nDiese Website benutzt Google Analytics, einen Webanalysedienst der Google Inc. (\"Google\"). Google Analytics verwendet sog. \"Cookies\", Textdateien, die auf Ihrem Computer gespeichert werden und die eine Analyse der Benutzung der Website durch Sie erm\u00f6glicht. Die durch den Cookie erzeugten Informationen \u00fcber Ihre Benutzung diese Website (einschlie\u00dflich Ihrer IP-Adresse) wird an einen Server von Google in den USA \u00fcbertragen und dort gespeichert. Google wird diese Informationen benutzen, um Ihre Nutzung der Website auszuwerten, um Reports \u00fcber die Websiteaktivit\u00e4ten f\u00fcr die Websitebetreiber zusammenzustellen und um weitere mit der Websitenutzung und der Internetnutzung verbundene Dienstleistungen zu erbringen. Auch wird Google diese Informationen gegebenenfalls an Dritte \u00fcbertragen, sofern dies gesetzlich vorgeschrieben oder soweit Dritte diese Daten im Auftrag von Google verarbeiten. Google wird in keinem Fall Ihre IP-Adresse mit anderen Daten der Google in Verbindung bringen. Sie k\u00f6nnen die Installation der Cookies durch eine entsprechende Einstellung Ihrer Browser Software verhindern; wir weisen Sie jedoch darauf hin, dass Sie in diesem Fall gegebenenfalls nicht s\u00e4mtliche Funktionen dieser Website voll umf\u00e4nglich nutzen k\u00f6nnen. Durch die Nutzung dieser Website erkl\u00e4ren Sie sich mit der Bearbeitung der \u00fcber Sie erhobenen Daten durch Google in der zuvor beschriebenen Art und Weise und zu dem zuvor benannten Zweck einverstanden.<\/p>\n<p><\/div><div class=\"ffb-id-1sv4kl74 ffg-empty-space fg-text-dark\"><\/div><\/div><div class=\"ffb-id-1r5l2t31 fg-col col-xs-12 col-md-2 fg-text-dark\"><\/div><\/div><\/div><\/section><style>.ffb-id-1r5l2t2u{ margin-top: 80px;}.ffb-id-1sv4kl74{ height: 50px;}.ffb-id-1r5qmcdd{ height: 50px;}.ffb-id-1r5otq51{ text-align: center !important;}.ffb-id-1r5otq51 ,.ffb-id-1r5otq51:before,.ffb-id-1r5otq51:after,.ffb-id-1r5otq51:hover,.ffb-id-1r5otq51:focus,.ffb-id-1r5otq51 *,.ffb-id-1r5otq51 *:before,.ffb-id-1r5otq51 *:after,.ffb-id-1r5otq51 *:hover,.ffb-id-1r5otq51 *:focus{ text-align: center !important;}@media (min-width:768px) { .ffb-id-1r5otq51{ text-align: center !important;}}@media (min-width:768px) { .ffb-id-1r5otq51 ,.ffb-id-1r5otq51:before,.ffb-id-1r5otq51:after,.ffb-id-1r5otq51:hover,.ffb-id-1r5otq51:focus,.ffb-id-1r5otq51 *,.ffb-id-1r5otq51 *:before,.ffb-id-1r5otq51 *:after,.ffb-id-1r5otq51 *:hover,.ffb-id-1r5otq51 *:focus{ text-align: center !important;}}@media (min-width:992px) { .ffb-id-1r5otq51{ text-align: center !important;}}@media (min-width:992px) { .ffb-id-1r5otq51 ,.ffb-id-1r5otq51:before,.ffb-id-1r5otq51:after,.ffb-id-1r5otq51:hover,.ffb-id-1r5otq51:focus,.ffb-id-1r5otq51 *,.ffb-id-1r5otq51 *:before,.ffb-id-1r5otq51 *:after,.ffb-id-1r5otq51 *:hover,.ffb-id-1r5otq51 *:focus{ text-align: center !important;}}@media (min-width:1200px) { .ffb-id-1r5otq51{ text-align: center !important;}}@media (min-width:1200px) { .ffb-id-1r5otq51 ,.ffb-id-1r5otq51:before,.ffb-id-1r5otq51:after,.ffb-id-1r5otq51:hover,.ffb-id-1r5otq51:focus,.ffb-id-1r5otq51 *,.ffb-id-1r5otq51 *:before,.ffb-id-1r5otq51 *:after,.ffb-id-1r5otq51 *:hover,.ffb-id-1r5otq51 *:focus{ text-align: center !important;}}.ffb-id-1r5qeojq{ height: 50px;}<\/style><script type=\"text\/javascript\"><\/script><section class=\"ffb-id-1v9iba91 fg-section fg-text-dark\" id=\"Region\"><div class=\"fg-container container fg-container-large fg-container-lvl--1 \"><div class=\"fg-row row    \" ><div class=\"ffb-id-1v9iloru fg-col col-xs-12 col-md-3 fg-col-not-match fg-text-dark\"><div class=\"fg-vcenter-wrapper\"><div class=\"fg-vcenter\"><a class=\"ffb-id-1v9j3u6i responsive-image-wrapper fg-text-dark\" href=\"https:\/\/www.vinschgau.net\/de\/feriengebiete\/ortlergebiet.html\" target=\"_blank\"><img decoding=\"async\"  class=\"fg-image  img-responsive\"  src=\"http:\/\/a2s-sports.com\/wp-content\/uploads\/freshizer\/524d65d5da527aff6a8d54a6ffc27148_Logo-0-70-c-100.png\"  alt=\"Logo\"  title=\"\"   =\"\" ><\/a><\/div><\/div><\/div><div class=\"ffb-id-1v9iba92 fg-col col-xs-12 col-md-3 fg-col-not-match fg-text-dark\"><div class=\"fg-vcenter-wrapper\"><div class=\"fg-vcenter\"><a class=\"ffb-id-1v9icu66 responsive-image-wrapper fg-text-dark\" href=\"https:\/\/www.suedtirol.info\/de\" target=\"_blank\"><img decoding=\"async\"  class=\"fg-image  img-responsive\"  src=\"http:\/\/a2s-sports.com\/wp-content\/uploads\/freshizer\/f04f39cb49cbdbd37e344782540c6b67_logo-suedtirol-0-70-c-100.png\"  alt=\"logo-suedtirol\"  title=\"\"   =\"\" ><\/a><\/div><\/div><\/div><div class=\"ffb-id-1v9iigp7 fg-col col-xs-12 col-md-3 fg-col-not-match fg-text-dark\"><div class=\"fg-vcenter-wrapper\"><div class=\"fg-vcenter\"><a class=\"ffb-id-1v9iigp8 responsive-image-wrapper fg-text-dark\" href=\"https:\/\/www.suedtirol-tirol.com\" target=\"_blank\"><img decoding=\"async\"  class=\"fg-image  img-responsive\"  src=\"http:\/\/a2s-sports.com\/wp-content\/uploads\/freshizer\/855798b783de1b9e05642eedf534cc31_suedtirol-tirol-logo-big-0-70-c-100.png\"  alt=\"suedtirol-tirol-logo-big\"  title=\"\"   =\"\" ><\/a><\/div><\/div><\/div><div class=\"ffb-id-1v9ilfj7 fg-col col-xs-12 col-md-3 fg-col-not-match fg-text-dark\"><div class=\"fg-vcenter-wrapper\"><div class=\"fg-vcenter\"><a class=\"ffb-id-1v9j8bit responsive-image-wrapper fg-text-dark\" href=\"http:\/\/www.ortlerskiarena.com\" target=\"_blank\"><img decoding=\"async\"  class=\"fg-image  img-responsive\"  src=\"http:\/\/a2s-sports.com\/wp-content\/uploads\/freshizer\/de02f517f1ba87c081a15dbd6314e4b0_ortlerskiarena-0-70-c-100.png\"  alt=\"ortlerskiarena\"  title=\"\"   =\"\" ><\/a><\/div><\/div><\/div><div class=\"ffb-id-20d1evpv fg-col col-xs-12 col-md-12 fg-text-dark\"><div class=\"ffb-id-20d1fa2o ffg-empty-space fg-text-dark\"><\/div><\/div><\/div><\/div><\/section><style>.ffb-id-1r5l2t2u{ \nmargin-top: 80px;\n\n}\n.ffb-id-1sv4kl74{ \nheight: 50px;\n}\n.ffb-id-1r5qmcdd{ \nheight: 50px;\n}\n.ffb-id-1r5otq51{ \ntext-align: center !important;\n}\n.ffb-id-1r5otq51 ,\n.ffb-id-1r5otq51:before,\n.ffb-id-1r5otq51:after,\n.ffb-id-1r5otq51:hover,\n.ffb-id-1r5otq51:focus,\n.ffb-id-1r5otq51 *,\n.ffb-id-1r5otq51 *:before,\n.ffb-id-1r5otq51 *:after,\n.ffb-id-1r5otq51 *:hover,\n.ffb-id-1r5otq51 *:focus{ \ntext-align: center !important;\n}\n@media (min-width:768px) { \n.ffb-id-1r5otq51{ \ntext-align: center !important;\n}\n}@media (min-width:768px) { \n.ffb-id-1r5otq51 ,\n.ffb-id-1r5otq51:before,\n.ffb-id-1r5otq51:after,\n.ffb-id-1r5otq51:hover,\n.ffb-id-1r5otq51:focus,\n.ffb-id-1r5otq51 *,\n.ffb-id-1r5otq51 *:before,\n.ffb-id-1r5otq51 *:after,\n.ffb-id-1r5otq51 *:hover,\n.ffb-id-1r5otq51 *:focus{ \ntext-align: center !important;\n}\n}@media (min-width:992px) { \n.ffb-id-1r5otq51{ \ntext-align: center !important;\n}\n}@media (min-width:992px) { \n.ffb-id-1r5otq51 ,\n.ffb-id-1r5otq51:before,\n.ffb-id-1r5otq51:after,\n.ffb-id-1r5otq51:hover,\n.ffb-id-1r5otq51:focus,\n.ffb-id-1r5otq51 *,\n.ffb-id-1r5otq51 *:before,\n.ffb-id-1r5otq51 *:after,\n.ffb-id-1r5otq51 *:hover,\n.ffb-id-1r5otq51 *:focus{ \ntext-align: center !important;\n}\n}@media (min-width:1200px) { \n.ffb-id-1r5otq51{ \ntext-align: center !important;\n}\n}@media (min-width:1200px) { \n.ffb-id-1r5otq51 ,\n.ffb-id-1r5otq51:before,\n.ffb-id-1r5otq51:after,\n.ffb-id-1r5otq51:hover,\n.ffb-id-1r5otq51:focus,\n.ffb-id-1r5otq51 *,\n.ffb-id-1r5otq51 *:before,\n.ffb-id-1r5otq51 *:after,\n.ffb-id-1r5otq51 *:hover,\n.ffb-id-1r5otq51 *:focus{ \ntext-align: center !important;\n}\n}.ffb-id-1r5qeojq{ \nheight: 50px;\n}\n.ffb-id-1v9iba91{ text-align: center !important;}.ffb-id-1v9iba91 ,.ffb-id-1v9iba91:before,.ffb-id-1v9iba91:after,.ffb-id-1v9iba91:hover,.ffb-id-1v9iba91:focus,.ffb-id-1v9iba91 *,.ffb-id-1v9iba91 *:before,.ffb-id-1v9iba91 *:after,.ffb-id-1v9iba91 *:hover,.ffb-id-1v9iba91 *:focus{ text-align: center !important;}@media (min-width:768px) { .ffb-id-1v9iba91{ text-align: center !important;}}@media (min-width:768px) { .ffb-id-1v9iba91 ,.ffb-id-1v9iba91:before,.ffb-id-1v9iba91:after,.ffb-id-1v9iba91:hover,.ffb-id-1v9iba91:focus,.ffb-id-1v9iba91 *,.ffb-id-1v9iba91 *:before,.ffb-id-1v9iba91 *:after,.ffb-id-1v9iba91 *:hover,.ffb-id-1v9iba91 *:focus{ text-align: center !important;}}@media (min-width:992px) { .ffb-id-1v9iba91{ text-align: center !important;}}@media (min-width:992px) { .ffb-id-1v9iba91 ,.ffb-id-1v9iba91:before,.ffb-id-1v9iba91:after,.ffb-id-1v9iba91:hover,.ffb-id-1v9iba91:focus,.ffb-id-1v9iba91 *,.ffb-id-1v9iba91 *:before,.ffb-id-1v9iba91 *:after,.ffb-id-1v9iba91 *:hover,.ffb-id-1v9iba91 *:focus{ text-align: center !important;}}@media (min-width:1200px) { .ffb-id-1v9iba91{ text-align: center !important;}}@media (min-width:1200px) { .ffb-id-1v9iba91 ,.ffb-id-1v9iba91:before,.ffb-id-1v9iba91:after,.ffb-id-1v9iba91:hover,.ffb-id-1v9iba91:focus,.ffb-id-1v9iba91 *,.ffb-id-1v9iba91 *:before,.ffb-id-1v9iba91 *:after,.ffb-id-1v9iba91 *:hover,.ffb-id-1v9iba91 *:focus{ text-align: center !important;}}.ffb-id-20d1fa2o{ height: 50px;}<\/style><script type=\"text\/javascript\"><\/script><\/p>\n","protected":false},"excerpt":{"rendered":"","protected":false},"author":1,"featured_media":0,"parent":0,"menu_order":0,"comment_status":"closed","ping_status":"closed","template":"","meta":{"footnotes":""},"class_list":["post-12501","page","type-page","status-publish","hentry","post-wrapper"],"_links":{"self":[{"href":"http:\/\/a2s-sports.com\/index.php?rest_route=\/wp\/v2\/pages\/12501","targetHints":{"allow":["GET"]}}],"collection":[{"href":"http:\/\/a2s-sports.com\/index.php?rest_route=\/wp\/v2\/pages"}],"about":[{"href":"http:\/\/a2s-sports.com\/index.php?rest_route=\/wp\/v2\/types\/page"}],"author":[{"embeddable":true,"href":"http:\/\/a2s-sports.com\/index.php?rest_route=\/wp\/v2\/users\/1"}],"replies":[{"embeddable":true,"href":"http:\/\/a2s-sports.com\/index.php?rest_route=%2Fwp%2Fv2%2Fcomments&post=12501"}],"version-history":[{"count":6,"href":"http:\/\/a2s-sports.com\/index.php?rest_route=\/wp\/v2\/pages\/12501\/revisions"}],"predecessor-version":[{"id":13232,"href":"http:\/\/a2s-sports.com\/index.php?rest_route=\/wp\/v2\/pages\/12501\/revisions\/13232"}],"wp:attachment":[{"href":"http:\/\/a2s-sports.com\/index.php?rest_route=%2Fwp%2Fv2%2Fmedia&parent=12501"}],"curies":[{"name":"wp","href":"https:\/\/api.w.org\/{rel}","templated":true}]}}