{"id":12535,"date":"2018-01-05T12:59:07","date_gmt":"2018-01-05T11:59:07","guid":{"rendered":"http:\/\/adsensio.ch\/?page_id=12535"},"modified":"2018-03-11T11:40:49","modified_gmt":"2018-03-11T10:40:49","slug":"impressum_it","status":"publish","type":"page","link":"http:\/\/a2s-sports.com\/?page_id=12535&lang=it","title":{"rendered":"Impressum_it"},"content":{"rendered":"<p><section class=\"ffb-id-qiudomo fg-section fg-el-has-bg fg-text-light\"><span class=\"fg-bg\"><span data-fg-bg=\"{&quot;type&quot;:&quot;image&quot;,&quot;opacity&quot;:&quot;1&quot;,&quot;url&quot;:&quot;http:\\\/\\\/adsensio.ch\\\/wp-content\\\/uploads\\\/2017\\\/12\\\/JFR_3651.jpg&quot;,&quot;size&quot;:&quot;cover&quot;,&quot;repeat&quot;:&quot;no-repeat&quot;,&quot;attachment&quot;:&quot;scroll&quot;,&quot;position&quot;:&quot;center center&quot;}\" class=\"fg-bg-layer fg-bg-type-image \" style=\"opacity: 1; background-image: url(&quot;http:\/\/adsensio.ch\/wp-content\/uploads\/2017\/12\/JFR_3651.jpg&quot;); background-repeat: no-repeat; background-attachment: scroll; background-position: center center; background-size: cover;\"><\/span><\/span><div class=\"fg-container container fg-container-large fg-container-lvl--1 \"><div class=\"fg-row row    \" ><div class=\"ffb-id-qiug00h fg-col col-xs-12 col-md-12 fg-temp-height fg-text-light\" data-fg-force-min-height=\"{&quot;breakpoint_1&quot;:{&quot;height&quot;:&quot;100&quot;,&quot;offset&quot;:&quot;&quot;},&quot;breakpoint_2&quot;:{&quot;height&quot;:&quot;100&quot;,&quot;offset&quot;:&quot;&quot;},&quot;breakpoint_3&quot;:{&quot;height&quot;:&quot;100&quot;,&quot;offset&quot;:&quot;&quot;},&quot;breakpoint_4&quot;:{&quot;height&quot;:&quot;100&quot;,&quot;offset&quot;:&quot;&quot;}}\"><div class=\"fg-vcenter-wrapper\"><div class=\"fg-vcenter\"><div class=\"ffb-id-qjbus29 fg-paragraph ff-richtext text-center    fg-text-light\"><\/div><a class=\"ffb-id-qj2ffaj ffb-scrollto-link ffb-scrollto ffb-scrollto-anim-bounce fg-text-light\" href=\"#\"><i class=\"ffb-scrollto-icon ff-font-awesome4 icon-angle-double-down fg-text-light ffb-one-icon-1\"><\/i><\/a><\/div><\/div><\/div><\/div><\/div><\/section><style>@media (max-width:767px) {  .ffb-id-qiug00h.fg-temp-height{ height:100vh;}}@media (min-width:768px) and (max-width:991px) {  .ffb-id-qiug00h.fg-temp-height{ height:100vh;}}@media (min-width:992px) and (max-width:1199px) {  .ffb-id-qiug00h.fg-temp-height{ height:100vh;}}@media (min-width:1200px) {  .ffb-id-qiug00h.fg-temp-height{ height:100vh;}}<\/style><script type=\"text\/javascript\"><\/script><div class=\"ffb-id-1r5osb1q ffg-empty-space fg-text-dark\"><\/div><style>@media (max-width:767px) { \n .ffb-id-qiug00h.fg-temp-height{ \nheight:100vh;\n}\n}@media (min-width:768px) and (max-width:991px) { \n .ffb-id-qiug00h.fg-temp-height{ \nheight:100vh;\n}\n}@media (min-width:992px) and (max-width:1199px) { \n .ffb-id-qiug00h.fg-temp-height{ \nheight:100vh;\n}\n}@media (min-width:1200px) { \n .ffb-id-qiug00h.fg-temp-height{ \nheight:100vh;\n}\n}.ffb-id-1r5osb1q{ height: 100px;}<\/style><script type=\"text\/javascript\"><\/script><section class=\"ffb-id-1r5l2t2u fg-section fg-text-dark\"><div class=\"fg-container container fg-container-large fg-container-lvl--1 \"><div class=\"fg-row row    \" ><div class=\"ffb-id-1r5o4ivh fg-col col-xs-12 col-md-12 fg-text-dark\"><section class=\"ffb-id-1r5o6b17 section-heading fg-text-dark\"><h2 class=\"fg-text-dark ffb-h2-1\">Colophon<\/h2><\/section><\/div><div class=\"ffb-id-1r5otq51 fg-col col-xs-12 col-md-12 fg-text-dark\"><h3 class=\"ffb-id-1r5p4csc fg-text-dark\">Since&nbsp;<img loading=\"lazy\" decoding=\"async\" src=\"\/wp-content\/uploads\/2018\/01\/a2s_Ski_BW-v2a.png\" alt=\"A2S-Sports Logo bw\" width=\"60\" height=\"60\" align=\"middle\" \/>&nbsp;2004<\/h3><div class=\"ffb-id-1r5qeojq ffg-empty-space fg-text-dark\"><\/div><\/div><div class=\"ffb-id-1r5l2t2v fg-col col-xs-12 col-md-2 fg-text-dark\"><\/div><div class=\"ffb-id-1r5l2t30 fg-col col-xs-12 col-md-8 fg-text-dark\"><div class=\"ffb-id-1r5kt13i fg-paragraph ff-richtext text-left    fg-text-dark\"><\/p>\n<h2 style=\"text-align: center\">Responsabile del contenuto:<\/h2>\n<p style=\"text-align: center\"><strong>A2S KG di Veith Alois &amp; Co<\/strong><br \/>\nStrada Principale 15<br \/>\n39029 Solda (BZ) \/ Italia<\/p>\n<p style=\"text-align: center\">info@A2S-Sports.com<br \/>\n+39 335 542 5007<br \/>\nUSt-IdNr. (UID-Nr., MwSt.-Nr., Part.IVA) IT02415760210<\/p>\n<p style=\"text-align: center\">\n<h3 style=\"text-align: center\">Concetto, Design &amp; Programmazione<\/h3>\n<p style=\"text-align: center\"><strong>BergSpeck<\/strong><br \/>\nGislifluhweg 6A, CH-5023 Biberstein (AG)<br \/>\nMail:\u00a0<a style=\"text-decoration: none;position: relative;color: #512f27;font-weight: bold\" title=\"info@optimaclicks.it\" href=\"mailto:info@optimaclicks.it\">info@bergspeck.com<\/a><\/p>\n<p style=\"text-align: center\"><a style=\"text-decoration: none;position: relative;color: #512f27;font-weight: bold\" title=\"www.optimaclicks.it\" href=\"http:\/\/www.bergspeck.com\" target=\"_blank\" rel=\"noopener\">www.bergspeck.com<\/a><\/p>\n<p><\/div><div class=\"ffb-id-1r5qmcdd ffg-empty-space fg-text-dark\"><\/div><div class=\"ffb-id-1r5nsoc0 fg-paragraph ff-richtext text-left    fg-text-dark\"><\/p>\n<p style=\"margin-top: 0px;margin-bottom: 20px;color: #745852;font-family: 'Open Sans', sans-serif;font-size: 15px\"><strong><span style=\"font-family: Verdana, Arial, Helvetica, sans-serif;font-size: 14px\">Avviso di responsabilit\u00e0<\/span>:<\/strong><\/p>\n<p style=\"margin-top: 0px;margin-bottom: 20px;color: #745852;font-family: 'Open Sans', sans-serif;font-size: 15px\">Sottolineiamo che non abbiamo nessuna influenza sui contenuti e sulla programmazione grafica di tutte le pagine che sono collegate tramite link da questa pagina. Per questo motivo non ci prendiamo nessuna responsabilit\u00e0 e non garantiamo in alcun modo per i contenuti delle pagine collegate. Ci distanziamo quindi in modo assoluto da ogni tipo di contenuto, che potrebbe non corrispondere alla nostra opinione. Non abbiamo nessuna influenza sui contenuti dei siti web che sono collegati (tramite link) da questo sito. Non ci assumiamo quindi nessuna responsabilit\u00e0 per i contenuti di questi siti web.<\/p>\n<p style=\"margin-top: 0px;margin-bottom: 20px;color: #745852;font-family: 'Open Sans', sans-serif;font-size: 15px\"><strong>Copyright:<\/strong><\/p>\n<p style=\"margin-top: 0px;margin-bottom: 20px;color: #745852;font-family: 'Open Sans', sans-serif;font-size: 15px\">Contenuto e struttura di questo sito sono coperti da diritto d\u2019autore. Ove non diversamente ed esplicitamente specificato, l\u2019utilizzo o la riproduzione di informazioni, testi, parti di testo o immagini viene concessa solo previa autorizzazione.<\/p>\n<p style=\"margin-top: 0px;margin-bottom: 20px;color: #745852;font-family: 'Open Sans', sans-serif;font-size: 15px\">Molte immagini di questo sito internet sono coperte da Copyright \u00a9\u00a0Residence Aster, Alois Veith, Reto Sturzenegger.<\/p>\n<p style=\"margin-top: 0px;margin-bottom: 20px;color: #745852;font-family: 'Open Sans', sans-serif;font-size: 15px\"><strong>Avvertenza sull\u2019uso di Google Analytics<\/strong><\/p>\n<p style=\"margin-top: 0px;margin-bottom: 20px;color: #745852;font-family: 'Open Sans', sans-serif;font-size: 15px\">Questo sito utilizza Google Analytics, un servizio di analisi web fornito da Google, Inc. (\u201cGoogle\u201d). Google Analytics utilizza dei \u201ccookies\u201d, che sono file di testo che vengono depositati sul Vostro computer per consentire al sito web di analizzare come gli utenti utilizzano il sito. Le informazioni generate dal cookie sull\u2019utilizzo del sito web da parte Vostra (compreso il Vostro indirizzo IP) verranno trasmesse e depositate presso i server di Google negli Stati Uniti. Google utilizzer\u00e0 queste informazioni allo scopo di tracciare e esaminare il Vostro utilizzo del sito web, compilare report sulle attivit\u00e0 del sito web per gli operatori del sito web e fornire altri servizi relativi alle attivit\u00e0 del sito web e all\u2019utilizzo di Internet. Google pu\u00f2 anche trasferire queste informazioni a terzi ove ci\u00f2 sia imposto dalla legge o laddove tali terzi trattino le suddette informazioni per conto di Google. Google non assocer\u00e0 il vostro indirizzo IP a nessun altro dato posseduto da Google. Potete rifiutarvi di usare i cookies selezionando l\u2019impostazione appropriata sul vostro browser. Utilizzando il presente sito web, voi acconsentite al trattamento dei Vostri dati da parte di Google per le modalit\u00e0 e i fini sopraindicati\u201d.<\/p>\n<p><\/div><\/div><div class=\"ffb-id-1r5l2t31 fg-col col-xs-12 col-md-2 fg-text-dark\"><\/div><\/div><\/div><\/section><style>.ffb-id-1r5osb1q{ \nheight: 100px;\n}\n.ffb-id-1r5qmcdd{ height: 50px;}.ffb-id-1r5otq51{ text-align: center !important;}.ffb-id-1r5otq51 ,.ffb-id-1r5otq51:before,.ffb-id-1r5otq51:after,.ffb-id-1r5otq51:hover,.ffb-id-1r5otq51:focus,.ffb-id-1r5otq51 *,.ffb-id-1r5otq51 *:before,.ffb-id-1r5otq51 *:after,.ffb-id-1r5otq51 *:hover,.ffb-id-1r5otq51 *:focus{ text-align: center !important;}@media (min-width:768px) { .ffb-id-1r5otq51{ text-align: center !important;}}@media (min-width:768px) { .ffb-id-1r5otq51 ,.ffb-id-1r5otq51:before,.ffb-id-1r5otq51:after,.ffb-id-1r5otq51:hover,.ffb-id-1r5otq51:focus,.ffb-id-1r5otq51 *,.ffb-id-1r5otq51 *:before,.ffb-id-1r5otq51 *:after,.ffb-id-1r5otq51 *:hover,.ffb-id-1r5otq51 *:focus{ text-align: center !important;}}@media (min-width:992px) { .ffb-id-1r5otq51{ text-align: center !important;}}@media (min-width:992px) { .ffb-id-1r5otq51 ,.ffb-id-1r5otq51:before,.ffb-id-1r5otq51:after,.ffb-id-1r5otq51:hover,.ffb-id-1r5otq51:focus,.ffb-id-1r5otq51 *,.ffb-id-1r5otq51 *:before,.ffb-id-1r5otq51 *:after,.ffb-id-1r5otq51 *:hover,.ffb-id-1r5otq51 *:focus{ text-align: center !important;}}@media (min-width:1200px) { .ffb-id-1r5otq51{ text-align: center !important;}}@media (min-width:1200px) { .ffb-id-1r5otq51 ,.ffb-id-1r5otq51:before,.ffb-id-1r5otq51:after,.ffb-id-1r5otq51:hover,.ffb-id-1r5otq51:focus,.ffb-id-1r5otq51 *,.ffb-id-1r5otq51 *:before,.ffb-id-1r5otq51 *:after,.ffb-id-1r5otq51 *:hover,.ffb-id-1r5otq51 *:focus{ text-align: center !important;}}.ffb-id-1r5qeojq{ height: 50px;}<\/style><script type=\"text\/javascript\"><\/script><section class=\"ffb-id-1v9iba91 fg-section fg-text-dark\" id=\"Region\"><div class=\"fg-container container fg-container-large fg-container-lvl--1 \"><div class=\"fg-row row    \" ><div class=\"ffb-id-1v9iloru fg-col col-xs-12 col-md-3 fg-col-not-match fg-text-dark\"><div class=\"fg-vcenter-wrapper\"><div class=\"fg-vcenter\"><a class=\"ffb-id-1v9j3u6i responsive-image-wrapper fg-text-dark\" href=\"https:\/\/www.vinschgau.net\/de\/feriengebiete\/ortlergebiet.html\" target=\"_blank\"><img decoding=\"async\"  class=\"fg-image  img-responsive\"  src=\"http:\/\/a2s-sports.com\/wp-content\/uploads\/freshizer\/524d65d5da527aff6a8d54a6ffc27148_Logo-0-70-c-100.png\"  alt=\"Logo\"  title=\"\"   =\"\" ><\/a><\/div><\/div><\/div><div class=\"ffb-id-1v9iba92 fg-col col-xs-12 col-md-3 fg-col-not-match fg-text-dark\"><div class=\"fg-vcenter-wrapper\"><div class=\"fg-vcenter\"><a class=\"ffb-id-1v9icu66 responsive-image-wrapper fg-text-dark\" href=\"https:\/\/www.suedtirol.info\/de\" target=\"_blank\"><img decoding=\"async\"  class=\"fg-image  img-responsive\"  src=\"http:\/\/a2s-sports.com\/wp-content\/uploads\/freshizer\/f04f39cb49cbdbd37e344782540c6b67_logo-suedtirol-0-70-c-100.png\"  alt=\"logo-suedtirol\"  title=\"\"   =\"\" ><\/a><\/div><\/div><\/div><div class=\"ffb-id-1v9iigp7 fg-col col-xs-12 col-md-3 fg-col-not-match fg-text-dark\"><div class=\"fg-vcenter-wrapper\"><div class=\"fg-vcenter\"><a class=\"ffb-id-1v9iigp8 responsive-image-wrapper fg-text-dark\" href=\"https:\/\/www.suedtirol-tirol.com\" target=\"_blank\"><img decoding=\"async\"  class=\"fg-image  img-responsive\"  src=\"http:\/\/a2s-sports.com\/wp-content\/uploads\/freshizer\/855798b783de1b9e05642eedf534cc31_suedtirol-tirol-logo-big-0-70-c-100.png\"  alt=\"suedtirol-tirol-logo-big\"  title=\"\"   =\"\" ><\/a><\/div><\/div><\/div><div class=\"ffb-id-1v9ilfj7 fg-col col-xs-12 col-md-3 fg-col-not-match fg-text-dark\"><div class=\"fg-vcenter-wrapper\"><div class=\"fg-vcenter\"><a class=\"ffb-id-1v9j8bit responsive-image-wrapper fg-text-dark\" href=\"http:\/\/www.ortlerskiarena.com\" target=\"_blank\"><img decoding=\"async\"  class=\"fg-image  img-responsive\"  src=\"http:\/\/a2s-sports.com\/wp-content\/uploads\/freshizer\/de02f517f1ba87c081a15dbd6314e4b0_ortlerskiarena-0-70-c-100.png\"  alt=\"ortlerskiarena\"  title=\"\"   =\"\" ><\/a><\/div><\/div><\/div><div class=\"ffb-id-20d1evpv fg-col col-xs-12 col-md-12 fg-text-dark\"><div class=\"ffb-id-20d1fa2o ffg-empty-space fg-text-dark\"><\/div><\/div><\/div><\/div><\/section><style>.ffb-id-1r5qmcdd{ \nheight: 50px;\n}\n.ffb-id-1r5otq51{ \ntext-align: center !important;\n}\n.ffb-id-1r5otq51 ,\n.ffb-id-1r5otq51:before,\n.ffb-id-1r5otq51:after,\n.ffb-id-1r5otq51:hover,\n.ffb-id-1r5otq51:focus,\n.ffb-id-1r5otq51 *,\n.ffb-id-1r5otq51 *:before,\n.ffb-id-1r5otq51 *:after,\n.ffb-id-1r5otq51 *:hover,\n.ffb-id-1r5otq51 *:focus{ \ntext-align: center !important;\n}\n@media (min-width:768px) { \n.ffb-id-1r5otq51{ \ntext-align: center !important;\n}\n}@media (min-width:768px) { \n.ffb-id-1r5otq51 ,\n.ffb-id-1r5otq51:before,\n.ffb-id-1r5otq51:after,\n.ffb-id-1r5otq51:hover,\n.ffb-id-1r5otq51:focus,\n.ffb-id-1r5otq51 *,\n.ffb-id-1r5otq51 *:before,\n.ffb-id-1r5otq51 *:after,\n.ffb-id-1r5otq51 *:hover,\n.ffb-id-1r5otq51 *:focus{ \ntext-align: center !important;\n}\n}@media (min-width:992px) { \n.ffb-id-1r5otq51{ \ntext-align: center !important;\n}\n}@media (min-width:992px) { \n.ffb-id-1r5otq51 ,\n.ffb-id-1r5otq51:before,\n.ffb-id-1r5otq51:after,\n.ffb-id-1r5otq51:hover,\n.ffb-id-1r5otq51:focus,\n.ffb-id-1r5otq51 *,\n.ffb-id-1r5otq51 *:before,\n.ffb-id-1r5otq51 *:after,\n.ffb-id-1r5otq51 *:hover,\n.ffb-id-1r5otq51 *:focus{ \ntext-align: center !important;\n}\n}@media (min-width:1200px) { \n.ffb-id-1r5otq51{ \ntext-align: center !important;\n}\n}@media (min-width:1200px) { \n.ffb-id-1r5otq51 ,\n.ffb-id-1r5otq51:before,\n.ffb-id-1r5otq51:after,\n.ffb-id-1r5otq51:hover,\n.ffb-id-1r5otq51:focus,\n.ffb-id-1r5otq51 *,\n.ffb-id-1r5otq51 *:before,\n.ffb-id-1r5otq51 *:after,\n.ffb-id-1r5otq51 *:hover,\n.ffb-id-1r5otq51 *:focus{ \ntext-align: center !important;\n}\n}.ffb-id-1r5qeojq{ \nheight: 50px;\n}\n.ffb-id-1v9iba91{ text-align: center !important;}.ffb-id-1v9iba91 ,.ffb-id-1v9iba91:before,.ffb-id-1v9iba91:after,.ffb-id-1v9iba91:hover,.ffb-id-1v9iba91:focus,.ffb-id-1v9iba91 *,.ffb-id-1v9iba91 *:before,.ffb-id-1v9iba91 *:after,.ffb-id-1v9iba91 *:hover,.ffb-id-1v9iba91 *:focus{ text-align: center !important;}@media (min-width:768px) { .ffb-id-1v9iba91{ text-align: center !important;}}@media (min-width:768px) { .ffb-id-1v9iba91 ,.ffb-id-1v9iba91:before,.ffb-id-1v9iba91:after,.ffb-id-1v9iba91:hover,.ffb-id-1v9iba91:focus,.ffb-id-1v9iba91 *,.ffb-id-1v9iba91 *:before,.ffb-id-1v9iba91 *:after,.ffb-id-1v9iba91 *:hover,.ffb-id-1v9iba91 *:focus{ text-align: center !important;}}@media (min-width:992px) { .ffb-id-1v9iba91{ text-align: center !important;}}@media (min-width:992px) { .ffb-id-1v9iba91 ,.ffb-id-1v9iba91:before,.ffb-id-1v9iba91:after,.ffb-id-1v9iba91:hover,.ffb-id-1v9iba91:focus,.ffb-id-1v9iba91 *,.ffb-id-1v9iba91 *:before,.ffb-id-1v9iba91 *:after,.ffb-id-1v9iba91 *:hover,.ffb-id-1v9iba91 *:focus{ text-align: center !important;}}@media (min-width:1200px) { .ffb-id-1v9iba91{ text-align: center !important;}}@media (min-width:1200px) { .ffb-id-1v9iba91 ,.ffb-id-1v9iba91:before,.ffb-id-1v9iba91:after,.ffb-id-1v9iba91:hover,.ffb-id-1v9iba91:focus,.ffb-id-1v9iba91 *,.ffb-id-1v9iba91 *:before,.ffb-id-1v9iba91 *:after,.ffb-id-1v9iba91 *:hover,.ffb-id-1v9iba91 *:focus{ text-align: center !important;}}.ffb-id-20d1fa2o{ height: 50px;}<\/style><script type=\"text\/javascript\"><\/script><\/p>\n","protected":false},"excerpt":{"rendered":"","protected":false},"author":1,"featured_media":0,"parent":0,"menu_order":0,"comment_status":"closed","ping_status":"closed","template":"","meta":{"footnotes":""},"class_list":["post-12535","page","type-page","status-publish","hentry","post-wrapper"],"_links":{"self":[{"href":"http:\/\/a2s-sports.com\/index.php?rest_route=\/wp\/v2\/pages\/12535","targetHints":{"allow":["GET"]}}],"collection":[{"href":"http:\/\/a2s-sports.com\/index.php?rest_route=\/wp\/v2\/pages"}],"about":[{"href":"http:\/\/a2s-sports.com\/index.php?rest_route=\/wp\/v2\/types\/page"}],"author":[{"embeddable":true,"href":"http:\/\/a2s-sports.com\/index.php?rest_route=\/wp\/v2\/users\/1"}],"replies":[{"embeddable":true,"href":"http:\/\/a2s-sports.com\/index.php?rest_route=%2Fwp%2Fv2%2Fcomments&post=12535"}],"version-history":[{"count":6,"href":"http:\/\/a2s-sports.com\/index.php?rest_route=\/wp\/v2\/pages\/12535\/revisions"}],"predecessor-version":[{"id":13236,"href":"http:\/\/a2s-sports.com\/index.php?rest_route=\/wp\/v2\/pages\/12535\/revisions\/13236"}],"wp:attachment":[{"href":"http:\/\/a2s-sports.com\/index.php?rest_route=%2Fwp%2Fv2%2Fmedia&parent=12535"}],"curies":[{"name":"wp","href":"https:\/\/api.w.org\/{rel}","templated":true}]}}