{"id":12542,"date":"2018-01-05T13:51:20","date_gmt":"2018-01-05T12:51:20","guid":{"rendered":"http:\/\/adsensio.ch\/?page_id=12542"},"modified":"2018-03-11T11:48:05","modified_gmt":"2018-03-11T10:48:05","slug":"privacy_de","status":"publish","type":"page","link":"http:\/\/a2s-sports.com\/?page_id=12542&lang=de","title":{"rendered":"Privacy_de"},"content":{"rendered":"<p><section class=\"ffb-id-qiudomo fg-section fg-el-has-bg fg-text-light\"><span class=\"fg-bg\"><span data-fg-bg=\"{&quot;type&quot;:&quot;image&quot;,&quot;opacity&quot;:&quot;1&quot;,&quot;url&quot;:&quot;http:\\\/\\\/adsensio.ch\\\/wp-content\\\/uploads\\\/2017\\\/12\\\/JFR_3651.jpg&quot;,&quot;size&quot;:&quot;cover&quot;,&quot;repeat&quot;:&quot;no-repeat&quot;,&quot;attachment&quot;:&quot;scroll&quot;,&quot;position&quot;:&quot;center center&quot;}\" class=\"fg-bg-layer fg-bg-type-image \" style=\"opacity: 1; background-image: url(&quot;http:\/\/adsensio.ch\/wp-content\/uploads\/2017\/12\/JFR_3651.jpg&quot;); background-repeat: no-repeat; background-attachment: scroll; background-position: center center; background-size: cover;\"><\/span><\/span><div class=\"fg-container container fg-container-large fg-container-lvl--1 \"><div class=\"fg-row row    \" ><div class=\"ffb-id-qiug00h fg-col col-xs-12 col-md-6 fg-el-has-bg fg-temp-height fg-text-light\" data-fg-force-min-height=\"{&quot;breakpoint_1&quot;:{&quot;height&quot;:&quot;100&quot;,&quot;offset&quot;:&quot;&quot;},&quot;breakpoint_2&quot;:{&quot;height&quot;:&quot;100&quot;,&quot;offset&quot;:&quot;&quot;},&quot;breakpoint_3&quot;:{&quot;height&quot;:&quot;100&quot;,&quot;offset&quot;:&quot;&quot;},&quot;breakpoint_4&quot;:{&quot;height&quot;:&quot;100&quot;,&quot;offset&quot;:&quot;&quot;}}\"><span class=\"fg-bg\"><span data-fg-bg=\"{&quot;type&quot;:&quot;color&quot;,&quot;opacity&quot;:&quot;0.5&quot;,&quot;color&quot;:&quot;#f07504&quot;,&quot;hidden_xs&quot;:&quot;yes&quot;}\" class=\"fg-bg-layer fg-bg-type-color hidden-xs\" style=\"opacity: 0.5; background-color: #f07504;\"><\/span><\/span><div class=\"fg-vcenter-wrapper\"><div class=\"fg-vcenter\"><div class=\"ffb-id-qjbus29 fg-paragraph ff-richtext text-center    fg-text-light\"><\/p>\n<h2 style=\"text-align: center\"><span style=\"color: #ffffff\">\u2022 Privatsph\u00e4re &amp; Datenschutz \u2022<\/span><\/h2>\n<p>&nbsp;<\/p>\n<p><\/div><\/div><\/div><\/div><div class=\"ffb-id-1sv2dj82 fg-col col-xs-12 col-md-6 fg-text-light\"><\/div><\/div><\/div><\/section><style>@media (min-width:768px) { .ffb-id-qiug00h{ padding-left: 50px;}}@media (min-width:992px) { .ffb-id-qiug00h{ padding-left: 50px;}}@media (min-width:1200px) { .ffb-id-qiug00h{ padding-left: 50px;}}@media (max-width:767px) {  .ffb-id-qiug00h.fg-temp-height{ height:100vh;}}@media (min-width:768px) and (max-width:991px) {  .ffb-id-qiug00h.fg-temp-height{ height:100vh;}}@media (min-width:992px) and (max-width:1199px) {  .ffb-id-qiug00h.fg-temp-height{ height:100vh;}}@media (min-width:1200px) {  .ffb-id-qiug00h.fg-temp-height{ height:100vh;}}<\/style><script type=\"text\/javascript\"><\/script><a class=\"ffb-id-qj2ffaj ffb-scrollto-link ffb-scrollto ffb-scrollto-anim-bounce fg-text-dark\" href=\"#\"><i class=\"ffb-scrollto-icon ff-font-awesome4 icon-angle-double-down fg-text-dark ffb-one-icon-1\"><\/i><\/a><style>@media (min-width:768px) { \n.ffb-id-qiug00h{ \npadding-left: 50px;\n\n}\n}@media (min-width:992px) { \n.ffb-id-qiug00h{ \npadding-left: 50px;\n\n}\n}@media (min-width:1200px) { \n.ffb-id-qiug00h{ \npadding-left: 50px;\n\n}\n}@media (max-width:767px) { \n .ffb-id-qiug00h.fg-temp-height{ \nheight:100vh;\n}\n}@media (min-width:768px) and (max-width:991px) { \n .ffb-id-qiug00h.fg-temp-height{ \nheight:100vh;\n}\n}@media (min-width:992px) and (max-width:1199px) { \n .ffb-id-qiug00h.fg-temp-height{ \nheight:100vh;\n}\n}@media (min-width:1200px) { \n .ffb-id-qiug00h.fg-temp-height{ \nheight:100vh;\n}\n}<\/style><script type=\"text\/javascript\"><\/script><section class=\"ffb-id-1r5l2t2u fg-section fg-text-dark\"><div class=\"fg-container container fg-container-large fg-container-lvl--1 \"><div class=\"fg-row row    \" ><div class=\"ffb-id-1r5otq51 fg-col col-xs-6 col-sm-6 col-md-12 col-lg-12 fg-text-dark\"><div class=\"fg-vcenter-wrapper\"><div class=\"fg-vcenter\"><h3 class=\"ffb-id-1r5p4csc fg-text-dark\">Since&nbsp;<img loading=\"lazy\" decoding=\"async\" src=\"\/wp-content\/uploads\/2018\/01\/a2s_Ski_BW-v2a.png\" alt=\"A2S-Sports Logo bw\" width=\"60\" height=\"60\" align=\"middle\" \/>&nbsp;2004<\/h3><div class=\"ffb-id-1r5qeojq ffg-empty-space fg-text-dark\"><\/div><\/div><\/div><\/div><div class=\"ffb-id-1r5l2t2v fg-col col-xs-12 col-md-2 fg-text-dark\"><\/div><div class=\"ffb-id-1r5l2t30 fg-col col-xs-12 col-md-8 fg-bg-is-clipped fg-text-dark\"><div class=\"fg-bg-clipped\"><div class=\"ffb-id-1r5kt13i fg-paragraph ff-richtext text-left    fg-text-dark\"><\/p>\n<p style=\"margin-top: 0px;margin-bottom: 20px;color: #745852;font-family: 'Open Sans', sans-serif;font-size: 15px;font-weight: normal;text-align: left\">Im Sinne des Art. 13 des Gesetzesvertretenden Dekrets Nr. 196 vom 30. Juni 2003 und nachfolgende \u00c4nderungen und Erg\u00e4nzungen informieren wir dar\u00fcber, dass alle Daten, welche Sie \u00fcber unseren Internetauftritt bzw. \u00fcber andere Wege (Fax, e-Mail, Post) an uns senden, gesammelt und gespeichert werden. Wir garantieren im Rahmen der gesetzlichen Vorgaben, dass die Verarbeitung der pers\u00f6nlichen Daten unter Ber\u00fccksichtigung der grundlegenden Rechte und Freiheiten sowie der W\u00fcrde des Betroffenen mit besonderem Bezug auf die Geheimhaltung, die pers\u00f6nliche Identit\u00e4t und das Recht auf Schutz der pers\u00f6nlichen Daten erfolgt.<\/p>\n<p style=\"margin-top: 0px;margin-bottom: 20px;color: #745852;font-family: 'Open Sans', sans-serif;font-size: 15px;font-weight: normal;text-align: left\">Die von uns verarbeiteten pers\u00f6nlichen Daten unterliegen keiner Verbreitung.<\/p>\n<p style=\"margin-top: 0px;margin-bottom: 20px;color: #745852;font-family: 'Open Sans', sans-serif;font-size: 15px;font-weight: normal;text-align: left\">Das Datenschutzgesetz verleiht den Betroffen gem\u00e4\u00df Art. 7 das Recht seine Daten zu best\u00e4tigen und zu kontrollieren, zu berichtigen und zu erg\u00e4nzen, zu beantragen, dass die Daten gel\u00f6scht, gesperrt und in anonyme Daten umgewandelt werden, falls die Verarbeitung gegen die gesetzlichen Bestimmungen verst\u00f6\u00dft. Er hat das Recht sich aus gerechtfertigtem Grund g\u00e4nzlich oder zum Teil der Verarbeitung seiner Daten zu widersetzen, sowie ihre L\u00f6schung, Sperrung, Umwandlung in anonyme Daten zu verlangen und ohne gerechtfertigtem Grund, wenn Daten zum Zwecke der Handelsinformation, des Versands von Werbematerial, des Direktverkaufs, zu Markt und Meinungsforschung verwendet werden.<\/p>\n<p style=\"margin-top: 0px;margin-bottom: 20px;color: #745852;font-family: 'Open Sans', sans-serif;font-size: 15px;font-weight: normal;text-align: left\"><strong>Der Inhaber der Datenverarbeitung ist:<\/strong><\/p>\n<p style=\"margin-top: 0px;margin-bottom: 20px;color: #745852;font-family: 'Open Sans', sans-serif;font-size: 15px;font-weight: normal;text-align: left\"><strong>A2S KG des Veith Alois &amp; Co.\u00a0<\/strong><br \/>\nHauptstrasse 15<br \/>\n39029 Sulden (BZ) \/ Italien<\/p>\n<p style=\"margin-top: 0px;margin-bottom: 20px;color: #745852;font-family: 'Open Sans', sans-serif;font-size: 15px;font-weight: normal;text-align: left\"><a style=\"text-decoration: none;position: relative;color: #512f27;font-weight: bold\" title=\"info@residence-aster.com\" href=\"mailto:info@a2s-sports.com\">info@a2s-sports.com<\/a><br \/>\n+39 340 734 0694<br \/>\nUSt-IdNr. (UID-Nr., MwSt.-Nr., Part.IVA) IT02415760210<\/p>\n<p style=\"margin-top: 0px;margin-bottom: 20px;color: #745852;font-family: 'Open Sans', sans-serif;font-size: 15px;font-weight: normal;text-align: left\"><strong><br \/>\nPflichtinformation nach EU-Verordnung Nr. 524\/2013 des Europ\u00e4ischen Parlaments und Rats<\/strong><\/p>\n<p style=\"margin-top: 0px;margin-bottom: 20px;color: #745852;font-family: 'Open Sans', sans-serif;font-size: 15px;font-weight: normal;text-align: left\">Plattform zur Online-Beilegung verbraucherrechtlicher Streitigkeiten (ODR) der Europ\u00e4ischen Kommission:\u00a0<a class=\"cb_iframe cboxElement\" style=\"text-decoration: none;position: relative;color: #512f27;font-weight: bold\" title=\"http:\/\/ec.europa.eu\/consumers\/odr\/\" href=\"http:\/\/ec.europa.eu\/consumers\/odr\/\" target=\"lightbox\">http:\/\/ec.europa.eu\/consumers\/odr\/<\/a><\/p>\n<p><\/div><div class=\"ffb-id-1r5qmcdd ffg-empty-space fg-text-dark\"><\/div><\/div><\/div><div class=\"ffb-id-1r5l2t31 fg-col col-xs-12 col-md-2 fg-text-dark\"><\/div><\/div><\/div><\/section><style>.ffb-id-1r5l2t2u{ margin-top: 80px;}.ffb-id-1r5l2t2u{ text-align: center !important;}.ffb-id-1r5l2t2u ,.ffb-id-1r5l2t2u:before,.ffb-id-1r5l2t2u:after,.ffb-id-1r5l2t2u:hover,.ffb-id-1r5l2t2u:focus,.ffb-id-1r5l2t2u *,.ffb-id-1r5l2t2u *:before,.ffb-id-1r5l2t2u *:after,.ffb-id-1r5l2t2u *:hover,.ffb-id-1r5l2t2u *:focus{ text-align: center !important;}@media (min-width:768px) { .ffb-id-1r5l2t2u{ text-align: center !important;}}@media (min-width:768px) { .ffb-id-1r5l2t2u ,.ffb-id-1r5l2t2u:before,.ffb-id-1r5l2t2u:after,.ffb-id-1r5l2t2u:hover,.ffb-id-1r5l2t2u:focus,.ffb-id-1r5l2t2u *,.ffb-id-1r5l2t2u *:before,.ffb-id-1r5l2t2u *:after,.ffb-id-1r5l2t2u *:hover,.ffb-id-1r5l2t2u *:focus{ text-align: center !important;}}@media (min-width:992px) { .ffb-id-1r5l2t2u{ text-align: center !important;}}@media (min-width:992px) { .ffb-id-1r5l2t2u ,.ffb-id-1r5l2t2u:before,.ffb-id-1r5l2t2u:after,.ffb-id-1r5l2t2u:hover,.ffb-id-1r5l2t2u:focus,.ffb-id-1r5l2t2u *,.ffb-id-1r5l2t2u *:before,.ffb-id-1r5l2t2u *:after,.ffb-id-1r5l2t2u *:hover,.ffb-id-1r5l2t2u *:focus{ text-align: center !important;}}@media (min-width:1200px) { .ffb-id-1r5l2t2u{ text-align: center !important;}}@media (min-width:1200px) { .ffb-id-1r5l2t2u ,.ffb-id-1r5l2t2u:before,.ffb-id-1r5l2t2u:after,.ffb-id-1r5l2t2u:hover,.ffb-id-1r5l2t2u:focus,.ffb-id-1r5l2t2u *,.ffb-id-1r5l2t2u *:before,.ffb-id-1r5l2t2u *:after,.ffb-id-1r5l2t2u *:hover,.ffb-id-1r5l2t2u *:focus{ text-align: center !important;}}.ffb-id-1r5qmcdd{ height: 50px;}.ffb-id-1r5kt13i{ text-align: justify !important;}.ffb-id-1r5kt13i ,.ffb-id-1r5kt13i:before,.ffb-id-1r5kt13i:after,.ffb-id-1r5kt13i:hover,.ffb-id-1r5kt13i:focus,.ffb-id-1r5kt13i *,.ffb-id-1r5kt13i *:before,.ffb-id-1r5kt13i *:after,.ffb-id-1r5kt13i *:hover,.ffb-id-1r5kt13i *:focus{ text-align: justify !important;}@media (min-width:768px) { .ffb-id-1r5kt13i{ text-align: justify !important;}}@media (min-width:768px) { .ffb-id-1r5kt13i ,.ffb-id-1r5kt13i:before,.ffb-id-1r5kt13i:after,.ffb-id-1r5kt13i:hover,.ffb-id-1r5kt13i:focus,.ffb-id-1r5kt13i *,.ffb-id-1r5kt13i *:before,.ffb-id-1r5kt13i *:after,.ffb-id-1r5kt13i *:hover,.ffb-id-1r5kt13i *:focus{ text-align: justify !important;}}@media (min-width:992px) { .ffb-id-1r5kt13i{ text-align: justify !important;}}@media (min-width:992px) { .ffb-id-1r5kt13i ,.ffb-id-1r5kt13i:before,.ffb-id-1r5kt13i:after,.ffb-id-1r5kt13i:hover,.ffb-id-1r5kt13i:focus,.ffb-id-1r5kt13i *,.ffb-id-1r5kt13i *:before,.ffb-id-1r5kt13i *:after,.ffb-id-1r5kt13i *:hover,.ffb-id-1r5kt13i *:focus{ text-align: justify !important;}}@media (min-width:1200px) { .ffb-id-1r5kt13i{ text-align: justify !important;}}@media (min-width:1200px) { .ffb-id-1r5kt13i ,.ffb-id-1r5kt13i:before,.ffb-id-1r5kt13i:after,.ffb-id-1r5kt13i:hover,.ffb-id-1r5kt13i:focus,.ffb-id-1r5kt13i *,.ffb-id-1r5kt13i *:before,.ffb-id-1r5kt13i *:after,.ffb-id-1r5kt13i *:hover,.ffb-id-1r5kt13i *:focus{ text-align: justify !important;}}.ffb-id-1r5qeojq{ height: 50px;}<\/style><script type=\"text\/javascript\"><\/script><section class=\"ffb-id-1v9iba91 fg-section fg-text-dark\" id=\"Region\"><div class=\"fg-container container fg-container-large fg-container-lvl--1 \"><div class=\"fg-row row    \" ><div class=\"ffb-id-1v9iloru fg-col col-xs-12 col-md-3 fg-col-not-match fg-text-dark\"><div class=\"fg-vcenter-wrapper\"><div class=\"fg-vcenter\"><a class=\"ffb-id-1v9j3u6i responsive-image-wrapper fg-text-dark\" href=\"https:\/\/www.vinschgau.net\/de\/feriengebiete\/ortlergebiet.html\" target=\"_blank\"><img decoding=\"async\"  class=\"fg-image  img-responsive\"  src=\"http:\/\/a2s-sports.com\/wp-content\/uploads\/freshizer\/524d65d5da527aff6a8d54a6ffc27148_Logo-0-70-c-100.png\"  alt=\"Logo\"  title=\"\"   =\"\" ><\/a><\/div><\/div><\/div><div class=\"ffb-id-1v9iba92 fg-col col-xs-12 col-md-3 fg-col-not-match fg-text-dark\"><div class=\"fg-vcenter-wrapper\"><div class=\"fg-vcenter\"><a class=\"ffb-id-1v9icu66 responsive-image-wrapper fg-text-dark\" href=\"https:\/\/www.suedtirol.info\/de\" target=\"_blank\"><img decoding=\"async\"  class=\"fg-image  img-responsive\"  src=\"http:\/\/a2s-sports.com\/wp-content\/uploads\/freshizer\/f04f39cb49cbdbd37e344782540c6b67_logo-suedtirol-0-70-c-100.png\"  alt=\"logo-suedtirol\"  title=\"\"   =\"\" ><\/a><\/div><\/div><\/div><div class=\"ffb-id-1v9iigp7 fg-col col-xs-12 col-md-3 fg-col-not-match fg-text-dark\"><div class=\"fg-vcenter-wrapper\"><div class=\"fg-vcenter\"><a class=\"ffb-id-1v9iigp8 responsive-image-wrapper fg-text-dark\" href=\"https:\/\/www.suedtirol-tirol.com\" target=\"_blank\"><img decoding=\"async\"  class=\"fg-image  img-responsive\"  src=\"http:\/\/a2s-sports.com\/wp-content\/uploads\/freshizer\/855798b783de1b9e05642eedf534cc31_suedtirol-tirol-logo-big-0-70-c-100.png\"  alt=\"suedtirol-tirol-logo-big\"  title=\"\"   =\"\" ><\/a><\/div><\/div><\/div><div class=\"ffb-id-1v9ilfj7 fg-col col-xs-12 col-md-3 fg-col-not-match fg-text-dark\"><div class=\"fg-vcenter-wrapper\"><div class=\"fg-vcenter\"><a class=\"ffb-id-1v9j8bit responsive-image-wrapper fg-text-dark\" href=\"http:\/\/www.ortlerskiarena.com\" target=\"_blank\"><img decoding=\"async\"  class=\"fg-image  img-responsive\"  src=\"http:\/\/a2s-sports.com\/wp-content\/uploads\/freshizer\/de02f517f1ba87c081a15dbd6314e4b0_ortlerskiarena-0-70-c-100.png\"  alt=\"ortlerskiarena\"  title=\"\"   =\"\" ><\/a><\/div><\/div><\/div><div class=\"ffb-id-20d1evpv fg-col col-xs-12 col-md-12 fg-text-dark\"><div class=\"ffb-id-20d1fa2o ffg-empty-space fg-text-dark\"><\/div><\/div><\/div><\/div><\/section><style>.ffb-id-1r5l2t2u{ \nmargin-top: 80px;\n\n}\n.ffb-id-1r5l2t2u{ \ntext-align: center !important;\n}\n.ffb-id-1r5l2t2u ,\n.ffb-id-1r5l2t2u:before,\n.ffb-id-1r5l2t2u:after,\n.ffb-id-1r5l2t2u:hover,\n.ffb-id-1r5l2t2u:focus,\n.ffb-id-1r5l2t2u *,\n.ffb-id-1r5l2t2u *:before,\n.ffb-id-1r5l2t2u *:after,\n.ffb-id-1r5l2t2u *:hover,\n.ffb-id-1r5l2t2u *:focus{ \ntext-align: center !important;\n}\n@media (min-width:768px) { \n.ffb-id-1r5l2t2u{ \ntext-align: center !important;\n}\n}@media (min-width:768px) { \n.ffb-id-1r5l2t2u ,\n.ffb-id-1r5l2t2u:before,\n.ffb-id-1r5l2t2u:after,\n.ffb-id-1r5l2t2u:hover,\n.ffb-id-1r5l2t2u:focus,\n.ffb-id-1r5l2t2u *,\n.ffb-id-1r5l2t2u *:before,\n.ffb-id-1r5l2t2u *:after,\n.ffb-id-1r5l2t2u *:hover,\n.ffb-id-1r5l2t2u *:focus{ \ntext-align: center !important;\n}\n}@media (min-width:992px) { \n.ffb-id-1r5l2t2u{ \ntext-align: center !important;\n}\n}@media (min-width:992px) { \n.ffb-id-1r5l2t2u ,\n.ffb-id-1r5l2t2u:before,\n.ffb-id-1r5l2t2u:after,\n.ffb-id-1r5l2t2u:hover,\n.ffb-id-1r5l2t2u:focus,\n.ffb-id-1r5l2t2u *,\n.ffb-id-1r5l2t2u *:before,\n.ffb-id-1r5l2t2u *:after,\n.ffb-id-1r5l2t2u *:hover,\n.ffb-id-1r5l2t2u *:focus{ \ntext-align: center !important;\n}\n}@media (min-width:1200px) { \n.ffb-id-1r5l2t2u{ \ntext-align: center !important;\n}\n}@media (min-width:1200px) { \n.ffb-id-1r5l2t2u ,\n.ffb-id-1r5l2t2u:before,\n.ffb-id-1r5l2t2u:after,\n.ffb-id-1r5l2t2u:hover,\n.ffb-id-1r5l2t2u:focus,\n.ffb-id-1r5l2t2u *,\n.ffb-id-1r5l2t2u *:before,\n.ffb-id-1r5l2t2u *:after,\n.ffb-id-1r5l2t2u *:hover,\n.ffb-id-1r5l2t2u *:focus{ \ntext-align: center !important;\n}\n}.ffb-id-1r5qmcdd{ \nheight: 50px;\n}\n.ffb-id-1r5kt13i{ \ntext-align: justify !important;\n}\n.ffb-id-1r5kt13i ,\n.ffb-id-1r5kt13i:before,\n.ffb-id-1r5kt13i:after,\n.ffb-id-1r5kt13i:hover,\n.ffb-id-1r5kt13i:focus,\n.ffb-id-1r5kt13i *,\n.ffb-id-1r5kt13i *:before,\n.ffb-id-1r5kt13i *:after,\n.ffb-id-1r5kt13i *:hover,\n.ffb-id-1r5kt13i *:focus{ \ntext-align: justify !important;\n}\n@media (min-width:768px) { \n.ffb-id-1r5kt13i{ \ntext-align: justify !important;\n}\n}@media (min-width:768px) { \n.ffb-id-1r5kt13i ,\n.ffb-id-1r5kt13i:before,\n.ffb-id-1r5kt13i:after,\n.ffb-id-1r5kt13i:hover,\n.ffb-id-1r5kt13i:focus,\n.ffb-id-1r5kt13i *,\n.ffb-id-1r5kt13i *:before,\n.ffb-id-1r5kt13i *:after,\n.ffb-id-1r5kt13i *:hover,\n.ffb-id-1r5kt13i *:focus{ \ntext-align: justify !important;\n}\n}@media (min-width:992px) { \n.ffb-id-1r5kt13i{ \ntext-align: justify !important;\n}\n}@media (min-width:992px) { \n.ffb-id-1r5kt13i ,\n.ffb-id-1r5kt13i:before,\n.ffb-id-1r5kt13i:after,\n.ffb-id-1r5kt13i:hover,\n.ffb-id-1r5kt13i:focus,\n.ffb-id-1r5kt13i *,\n.ffb-id-1r5kt13i *:before,\n.ffb-id-1r5kt13i *:after,\n.ffb-id-1r5kt13i *:hover,\n.ffb-id-1r5kt13i *:focus{ \ntext-align: justify !important;\n}\n}@media (min-width:1200px) { \n.ffb-id-1r5kt13i{ \ntext-align: justify !important;\n}\n}@media (min-width:1200px) { \n.ffb-id-1r5kt13i ,\n.ffb-id-1r5kt13i:before,\n.ffb-id-1r5kt13i:after,\n.ffb-id-1r5kt13i:hover,\n.ffb-id-1r5kt13i:focus,\n.ffb-id-1r5kt13i *,\n.ffb-id-1r5kt13i *:before,\n.ffb-id-1r5kt13i *:after,\n.ffb-id-1r5kt13i *:hover,\n.ffb-id-1r5kt13i *:focus{ \ntext-align: justify !important;\n}\n}.ffb-id-1r5qeojq{ \nheight: 50px;\n}\n.ffb-id-1v9iba91{ text-align: center !important;}.ffb-id-1v9iba91 ,.ffb-id-1v9iba91:before,.ffb-id-1v9iba91:after,.ffb-id-1v9iba91:hover,.ffb-id-1v9iba91:focus,.ffb-id-1v9iba91 *,.ffb-id-1v9iba91 *:before,.ffb-id-1v9iba91 *:after,.ffb-id-1v9iba91 *:hover,.ffb-id-1v9iba91 *:focus{ text-align: center !important;}@media (min-width:768px) { .ffb-id-1v9iba91{ text-align: center !important;}}@media (min-width:768px) { .ffb-id-1v9iba91 ,.ffb-id-1v9iba91:before,.ffb-id-1v9iba91:after,.ffb-id-1v9iba91:hover,.ffb-id-1v9iba91:focus,.ffb-id-1v9iba91 *,.ffb-id-1v9iba91 *:before,.ffb-id-1v9iba91 *:after,.ffb-id-1v9iba91 *:hover,.ffb-id-1v9iba91 *:focus{ text-align: center !important;}}@media (min-width:992px) { .ffb-id-1v9iba91{ text-align: center !important;}}@media (min-width:992px) { .ffb-id-1v9iba91 ,.ffb-id-1v9iba91:before,.ffb-id-1v9iba91:after,.ffb-id-1v9iba91:hover,.ffb-id-1v9iba91:focus,.ffb-id-1v9iba91 *,.ffb-id-1v9iba91 *:before,.ffb-id-1v9iba91 *:after,.ffb-id-1v9iba91 *:hover,.ffb-id-1v9iba91 *:focus{ text-align: center !important;}}@media (min-width:1200px) { .ffb-id-1v9iba91{ text-align: center !important;}}@media (min-width:1200px) { .ffb-id-1v9iba91 ,.ffb-id-1v9iba91:before,.ffb-id-1v9iba91:after,.ffb-id-1v9iba91:hover,.ffb-id-1v9iba91:focus,.ffb-id-1v9iba91 *,.ffb-id-1v9iba91 *:before,.ffb-id-1v9iba91 *:after,.ffb-id-1v9iba91 *:hover,.ffb-id-1v9iba91 *:focus{ text-align: center !important;}}.ffb-id-20d1fa2o{ height: 50px;}<\/style><script type=\"text\/javascript\"><\/script><\/p>\n","protected":false},"excerpt":{"rendered":"","protected":false},"author":1,"featured_media":0,"parent":0,"menu_order":0,"comment_status":"closed","ping_status":"closed","template":"","meta":{"footnotes":""},"class_list":["post-12542","page","type-page","status-publish","hentry","post-wrapper"],"_links":{"self":[{"href":"http:\/\/a2s-sports.com\/index.php?rest_route=\/wp\/v2\/pages\/12542","targetHints":{"allow":["GET"]}}],"collection":[{"href":"http:\/\/a2s-sports.com\/index.php?rest_route=\/wp\/v2\/pages"}],"about":[{"href":"http:\/\/a2s-sports.com\/index.php?rest_route=\/wp\/v2\/types\/page"}],"author":[{"embeddable":true,"href":"http:\/\/a2s-sports.com\/index.php?rest_route=\/wp\/v2\/users\/1"}],"replies":[{"embeddable":true,"href":"http:\/\/a2s-sports.com\/index.php?rest_route=%2Fwp%2Fv2%2Fcomments&post=12542"}],"version-history":[{"count":6,"href":"http:\/\/a2s-sports.com\/index.php?rest_route=\/wp\/v2\/pages\/12542\/revisions"}],"predecessor-version":[{"id":13255,"href":"http:\/\/a2s-sports.com\/index.php?rest_route=\/wp\/v2\/pages\/12542\/revisions\/13255"}],"wp:attachment":[{"href":"http:\/\/a2s-sports.com\/index.php?rest_route=%2Fwp%2Fv2%2Fmedia&parent=12542"}],"curies":[{"name":"wp","href":"https:\/\/api.w.org\/{rel}","templated":true}]}}