{"id":12554,"date":"2018-01-05T14:05:01","date_gmt":"2018-01-05T13:05:01","guid":{"rendered":"http:\/\/adsensio.ch\/?page_id=12554"},"modified":"2018-03-11T11:49:21","modified_gmt":"2018-03-11T10:49:21","slug":"privacy_it","status":"publish","type":"page","link":"http:\/\/a2s-sports.com\/?page_id=12554&lang=it","title":{"rendered":"Privacy_it"},"content":{"rendered":"<p><section class=\"ffb-id-qiudomo fg-section fg-el-has-bg fg-text-light\"><span class=\"fg-bg\"><span data-fg-bg=\"{&quot;type&quot;:&quot;image&quot;,&quot;opacity&quot;:&quot;1&quot;,&quot;url&quot;:&quot;http:\\\/\\\/adsensio.ch\\\/wp-content\\\/uploads\\\/2017\\\/12\\\/JFR_3651.jpg&quot;,&quot;size&quot;:&quot;cover&quot;,&quot;repeat&quot;:&quot;no-repeat&quot;,&quot;attachment&quot;:&quot;scroll&quot;,&quot;position&quot;:&quot;center center&quot;}\" class=\"fg-bg-layer fg-bg-type-image \" style=\"opacity: 1; background-image: url(&quot;http:\/\/adsensio.ch\/wp-content\/uploads\/2017\/12\/JFR_3651.jpg&quot;); background-repeat: no-repeat; background-attachment: scroll; background-position: center center; background-size: cover;\"><\/span><\/span><div class=\"fg-container container fg-container-large fg-container-lvl--1 \"><div class=\"fg-row row    \" ><div class=\"ffb-id-qiug00h fg-col col-xs-12 col-md-12 fg-temp-height fg-text-light\" data-fg-force-min-height=\"{&quot;breakpoint_1&quot;:{&quot;height&quot;:&quot;100&quot;,&quot;offset&quot;:&quot;&quot;},&quot;breakpoint_2&quot;:{&quot;height&quot;:&quot;100&quot;,&quot;offset&quot;:&quot;&quot;},&quot;breakpoint_3&quot;:{&quot;height&quot;:&quot;100&quot;,&quot;offset&quot;:&quot;&quot;},&quot;breakpoint_4&quot;:{&quot;height&quot;:&quot;100&quot;,&quot;offset&quot;:&quot;&quot;}}\"><div class=\"fg-vcenter-wrapper\"><div class=\"fg-vcenter\"><div class=\"ffb-id-qjbus29 fg-paragraph ff-richtext text-center    fg-text-light\"><\/div><a class=\"ffb-id-qj2ffaj ffb-scrollto-link ffb-scrollto ffb-scrollto-anim-bounce fg-text-light\" href=\"#\"><i class=\"ffb-scrollto-icon ff-font-awesome4 icon-angle-double-down fg-text-light ffb-one-icon-1\"><\/i><\/a><\/div><\/div><\/div><\/div><\/div><\/section><style>@media (max-width:767px) {  .ffb-id-qiug00h.fg-temp-height{ height:100vh;}}@media (min-width:768px) and (max-width:991px) {  .ffb-id-qiug00h.fg-temp-height{ height:100vh;}}@media (min-width:992px) and (max-width:1199px) {  .ffb-id-qiug00h.fg-temp-height{ height:100vh;}}@media (min-width:1200px) {  .ffb-id-qiug00h.fg-temp-height{ height:100vh;}}<\/style><script type=\"text\/javascript\"><\/script><div class=\"ffb-id-1r5osb1q ffg-empty-space fg-text-dark\"><\/div><style>@media (max-width:767px) { \n .ffb-id-qiug00h.fg-temp-height{ \nheight:100vh;\n}\n}@media (min-width:768px) and (max-width:991px) { \n .ffb-id-qiug00h.fg-temp-height{ \nheight:100vh;\n}\n}@media (min-width:992px) and (max-width:1199px) { \n .ffb-id-qiug00h.fg-temp-height{ \nheight:100vh;\n}\n}@media (min-width:1200px) { \n .ffb-id-qiug00h.fg-temp-height{ \nheight:100vh;\n}\n}.ffb-id-1r5osb1q{ height: 100px;}<\/style><script type=\"text\/javascript\"><\/script><section class=\"ffb-id-1r5l2t2u fg-section fg-text-dark\"><div class=\"fg-container container fg-container-large fg-container-lvl--1 \"><div class=\"fg-row row    \" ><div class=\"ffb-id-1r5o4ivh fg-col col-xs-12 col-md-12 fg-text-dark\"><section class=\"ffb-id-1r5o6b17 section-heading fg-text-dark\"><h2 class=\"fg-text-dark ffb-h2-1\">PRIVACY E TUTELA DEI DATI PERSONALI<\/h2><\/section><\/div><div class=\"ffb-id-1r5otq51 fg-col col-xs-12 col-md-12 fg-text-dark\"><h3 class=\"ffb-id-1r5p4csc fg-text-dark\">Since&nbsp;<img loading=\"lazy\" decoding=\"async\" src=\"\/wp-content\/uploads\/2018\/01\/a2s_Ski_BW-v2a.png\" alt=\"A2S-Sports Logo bw\" width=\"60\" height=\"60\" align=\"middle\" \/>&nbsp;2004<\/h3><div class=\"ffb-id-1r5qeojq ffg-empty-space fg-text-dark\"><\/div><\/div><div class=\"ffb-id-1r5l2t2v fg-col col-xs-12 col-md-2 fg-text-dark\"><\/div><div class=\"ffb-id-1r5l2t30 fg-col col-xs-12 col-md-8 fg-text-dark\"><div class=\"ffb-id-1r5kt13i fg-paragraph ff-richtext text-left    fg-text-dark\"><\/p>\n<p style=\"margin-top: 0px;margin-bottom: 20px;color: #745852;font-family: 'Open Sans', sans-serif;font-size: 15px\"><strong>Informativa resa ai sensi del D.lgs. del 30.06.2003 Codice della Privacy<\/strong><\/p>\n<p style=\"margin-top: 0px;margin-bottom: 20px;color: #745852;font-family: 'Open Sans', sans-serif;font-size: 15px\">Ai sensi dell\u2019art. 13, Dlgs 30 giugno 2003 n. 196 INFORMIAMO che RESIDENCE ASTER\u00a0tratta dati personali di clienti e di fornitori e di soggetti che comunicano volontariamente (telefonicamente o via fax o via e-mail o tramite registrazione sul nostro sito web) i loro dati anagrafici alla nostra azienda, e di soggetti i cui dati sono stati raccolti presso terzi in occasione, ad esempio, di operazione di acquisizione di dati esterni per informazioni commerciali, elenchi pubblici ecc., nell\u2019ultimo caso trattasi esclusivamente di dati personali di natura comune.<\/p>\n<p style=\"margin-top: 0px;margin-bottom: 20px;color: #745852;font-family: 'Open Sans', sans-serif;font-size: 15px\">La nostra residence garantisce nell\u2019ambito delle previsioni normative che il trattamento dei dati personali si svolge nel rispetto dei diritti e delle libert\u00e0 fondamentali, nonch\u00e9 della dignit\u00e0 dell\u2019interessato, con particolare riferimento alla riservatezza, all\u2019identit\u00e0 personale e al diritto alla protezione dei dati personali.<\/p>\n<p style=\"margin-top: 0px;margin-bottom: 20px;color: #745852;font-family: 'Open Sans', sans-serif;font-size: 15px\"><strong>Modalit\u00e0 di trattamento:<\/strong><\/p>\n<p style=\"margin-top: 0px;margin-bottom: 20px;color: #745852;font-family: 'Open Sans', sans-serif;font-size: 15px\">Il trattamento potr\u00e0 effettuarsi con o senza l\u2019ausilio di mezzi elettronici e comunque automatizzati e comprender\u00e0 tutte le operazioni previste all\u2019art. 4 comma 1, lettera a, Dlgs. 30 giugno 2003 n. 196 e necessarie al trattamento in questione. Comunque il trattamento sar\u00e0 effettuato nell\u2019osservanza di ogni misura cautelativa, che ne garantisca la sicurezza e la riservatezza.<\/p>\n<p style=\"margin-top: 0px;margin-bottom: 20px;color: #745852;font-family: 'Open Sans', sans-serif;font-size: 15px\"><strong>Titolare del trattamento:<\/strong><\/p>\n<p style=\"margin-top: 0px;margin-bottom: 20px;color: #745852;font-family: 'Open Sans', sans-serif;font-size: 15px;font-weight: normal;text-align: left\"><strong>A2S KG des Veith Alois &amp; Co.\u00a0<\/strong><br \/>\nStrada Principale 15<br \/>\n39029 Solda (BZ) \/ Italia<\/p>\n<p style=\"margin-top: 0px;margin-bottom: 20px;color: #745852;font-family: 'Open Sans', sans-serif;font-size: 15px;font-weight: normal;text-align: left\"><a style=\"text-decoration: none;position: relative;color: #512f27;font-weight: bold\" title=\"info@residence-aster.com\" href=\"mailto:info@a2s-sports.com\">info@a2s-sports.com<\/a><br \/>\n+39 340 734 0694<br \/>\nUSt-IdNr. (UID-Nr., MwSt.-Nr., Part.IVA) IT02415760210<\/p>\n<p style=\"margin-top: 0px;margin-bottom: 20px;color: #745852;font-family: 'Open Sans', sans-serif;font-size: 15px;font-weight: normal;text-align: left\"><strong>\u00a0<\/strong><\/p>\n<p style=\"margin-top: 0px;margin-bottom: 20px;color: #745852;font-family: 'Open Sans', sans-serif;font-size: 15px\"><strong>Diritti dell\u2019interessato:<\/strong><\/p>\n<p style=\"margin-top: 0px;margin-bottom: 20px;color: #745852;font-family: 'Open Sans', sans-serif;font-size: 15px\">Il Codice della Privacy conferisce agli interessati l\u2019esercizio di specifici diritti di cui all\u2019art. 7. In particolare pu\u00f2 ottenere dal titolare la conferma dell\u2019esistenza o meno di propri dati personali che lo riguardano e la loro comunicazione in forma intelligibile. L\u2019interessato pu\u00f2 altres\u00ec chiedere di conoscere l\u2019origine dei dati, le finalit\u00e0 e modalit\u00e0 del trattamento nonch\u00e9 la logica applicata in caso trattamento effettuato con l\u2019ausilio di strumenti elettronici, l\u2019identificazione degli estremi identificativi del titolare, dei responsabili nominati e dei soggetti e categorie di soggetti ai quali i dati possono essere comunicati o che possono venire a conoscenza.<\/p>\n<p style=\"margin-top: 0px;margin-bottom: 20px;color: #745852;font-family: 'Open Sans', sans-serif;font-size: 15px\">L\u2019interessato ha il diritto di ottenere l\u2019aggiornamento, la rettificazione e l\u2019integrazione, ovvero la cancellazione, la trasformazione in via anonima o il blocco dei dati trattati in violazione di legge. L\u2019interessato ha diritto di opporsi, in tutto o in parte, per motivi legittimi, al trattamento dei dati personali che lo riguardano, e senza motivo al trattamento dei dati che lo riguardano a fini di invio di materiale pubblicitario o di vendita diretta o per il compimento di ricerche di mercato o di comunicazione commerciale.<\/p>\n<p style=\"margin-top: 0px;margin-bottom: 20px;color: #745852;font-family: 'Open Sans', sans-serif;font-size: 15px\">I diritti in oggetto possono essere esercitati, anche per il tramite di un incaricato, mediante richiesta rivolta al responsabile del trattamento nominato.<\/p>\n<p style=\"margin-top: 0px;margin-bottom: 20px;color: #745852;font-family: 'Open Sans', sans-serif;font-size: 15px\"><strong>Informazione obbligatoria ai sensi del Regolamento UE n. 524\/2013 del Parlamento europeo e del Consiglio<\/strong><br \/>\nPiattaforma per la risoluzione delle controversie online dei consumatori (ODR) della Commissione europea:<\/p>\n<p style=\"margin-top: 0px;margin-bottom: 20px;color: #745852;font-family: 'Open Sans', sans-serif;font-size: 15px\">Diritti dell\u2019interessato:<\/p>\n<p style=\"margin-top: 0px;margin-bottom: 20px;color: #745852;font-family: 'Open Sans', sans-serif;font-size: 15px\">Il Codice della Privacy conferisce agli interessati l\u2019esercizio di specifici diritti di cui all\u2019art. 7. In particolare pu\u00f2 ottenere dal titolare la conferma dell\u2019esistenza o meno di propri dati personali che lo riguardano e la loro comunicazione in forma intelligibile. L\u2019interessato pu\u00f2 altres\u00ec chiedere di conoscere l\u2019origine dei dati, le finalit\u00e0 e modalit\u00e0 del trattamento nonch\u00e9 la logica applicata in caso trattamento effettuato con l\u2019ausilio di strumenti elettronici, l\u2019identificazione degli estremi identificativi del titolare, dei responsabili nominati e dei soggetti e categorie di soggetti ai quali i dati possono essere comunicati o che possono venire a conoscenza.<\/p>\n<p style=\"margin-top: 0px;margin-bottom: 20px;color: #745852;font-family: 'Open Sans', sans-serif;font-size: 15px\">L\u2019interessato ha il diritto di ottenere l\u2019aggiornamento, la rettificazione e l\u2019integrazione, ovvero la cancellazione, la trasformazione in via anonima o il blocco dei dati trattati in violazione di legge. L\u2019interessato ha diritto di opporsi, in tutto o in parte, per motivi legittimi, al trattamento dei dati personali che lo riguardano, e senza motivo al trattamento dei dati che lo riguardano a fini di invio di materiale pubblicitario o di vendita diretta o per il compimento di ricerche di mercato o di comunicazione commerciale.<\/p>\n<p style=\"margin-top: 0px;margin-bottom: 20px;color: #745852;font-family: 'Open Sans', sans-serif;font-size: 15px\">I diritti in oggetto possono essere esercitati, anche per il tramite di un incaricato, mediante richiesta rivolta al responsabile del trattamento nominato .<\/p>\n<p style=\"margin-top: 0px;margin-bottom: 20px;color: #745852;font-family: 'Open Sans', sans-serif;font-size: 15px\"><strong>Informazione obbligatoria ai sensi del Regolamento UE n. 524\/2013 del Parlamento europeo e del Consiglio<\/strong><br \/>\nPiattaforma per la risoluzione delle controversie online dei consumatori (ODR) della Commissione europea:<br \/>\n<a style=\"text-decoration: none;position: relative;color: #512f27;font-weight: bold\" title=\"http:\/\/ec.europa.eu\/consumers\/odr\/\" href=\"http:\/\/ec.europa.eu\/consumers\/odr\/\" target=\"_blank\" rel=\"noopener\">http:\/\/ec.europa.eu\/consumers\/odr\/<\/a><\/p>\n<p><\/div><div class=\"ffb-id-1r5qmcdd ffg-empty-space fg-text-dark\"><\/div><\/div><div class=\"ffb-id-1r5l2t31 fg-col col-xs-12 col-md-2 fg-text-dark\"><\/div><\/div><\/div><\/section><style>.ffb-id-1r5osb1q{ \nheight: 100px;\n}\n.ffb-id-1r5qmcdd{ height: 50px;}.ffb-id-1r5otq51{ text-align: center !important;}.ffb-id-1r5otq51 ,.ffb-id-1r5otq51:before,.ffb-id-1r5otq51:after,.ffb-id-1r5otq51:hover,.ffb-id-1r5otq51:focus,.ffb-id-1r5otq51 *,.ffb-id-1r5otq51 *:before,.ffb-id-1r5otq51 *:after,.ffb-id-1r5otq51 *:hover,.ffb-id-1r5otq51 *:focus{ text-align: center !important;}@media (min-width:768px) { .ffb-id-1r5otq51{ text-align: center !important;}}@media (min-width:768px) { .ffb-id-1r5otq51 ,.ffb-id-1r5otq51:before,.ffb-id-1r5otq51:after,.ffb-id-1r5otq51:hover,.ffb-id-1r5otq51:focus,.ffb-id-1r5otq51 *,.ffb-id-1r5otq51 *:before,.ffb-id-1r5otq51 *:after,.ffb-id-1r5otq51 *:hover,.ffb-id-1r5otq51 *:focus{ text-align: center !important;}}@media (min-width:992px) { .ffb-id-1r5otq51{ text-align: center !important;}}@media (min-width:992px) { .ffb-id-1r5otq51 ,.ffb-id-1r5otq51:before,.ffb-id-1r5otq51:after,.ffb-id-1r5otq51:hover,.ffb-id-1r5otq51:focus,.ffb-id-1r5otq51 *,.ffb-id-1r5otq51 *:before,.ffb-id-1r5otq51 *:after,.ffb-id-1r5otq51 *:hover,.ffb-id-1r5otq51 *:focus{ text-align: center !important;}}@media (min-width:1200px) { .ffb-id-1r5otq51{ text-align: center !important;}}@media (min-width:1200px) { .ffb-id-1r5otq51 ,.ffb-id-1r5otq51:before,.ffb-id-1r5otq51:after,.ffb-id-1r5otq51:hover,.ffb-id-1r5otq51:focus,.ffb-id-1r5otq51 *,.ffb-id-1r5otq51 *:before,.ffb-id-1r5otq51 *:after,.ffb-id-1r5otq51 *:hover,.ffb-id-1r5otq51 *:focus{ text-align: center !important;}}.ffb-id-1r5qeojq{ height: 50px;}<\/style><script type=\"text\/javascript\"><\/script><section class=\"ffb-id-1v9iba91 fg-section fg-text-dark\" id=\"Region\"><div class=\"fg-container container fg-container-large fg-container-lvl--1 \"><div class=\"fg-row row    \" ><div class=\"ffb-id-1v9iloru fg-col col-xs-12 col-md-3 fg-col-not-match fg-text-dark\"><div class=\"fg-vcenter-wrapper\"><div class=\"fg-vcenter\"><a class=\"ffb-id-1v9j3u6i responsive-image-wrapper fg-text-dark\" href=\"https:\/\/www.vinschgau.net\/de\/feriengebiete\/ortlergebiet.html\" target=\"_blank\"><img decoding=\"async\"  class=\"fg-image  img-responsive\"  src=\"http:\/\/a2s-sports.com\/wp-content\/uploads\/freshizer\/524d65d5da527aff6a8d54a6ffc27148_Logo-0-70-c-100.png\"  alt=\"Logo\"  title=\"\"   =\"\" ><\/a><\/div><\/div><\/div><div class=\"ffb-id-1v9iba92 fg-col col-xs-12 col-md-3 fg-col-not-match fg-text-dark\"><div class=\"fg-vcenter-wrapper\"><div class=\"fg-vcenter\"><a class=\"ffb-id-1v9icu66 responsive-image-wrapper fg-text-dark\" href=\"https:\/\/www.suedtirol.info\/de\" target=\"_blank\"><img decoding=\"async\"  class=\"fg-image  img-responsive\"  src=\"http:\/\/a2s-sports.com\/wp-content\/uploads\/freshizer\/f04f39cb49cbdbd37e344782540c6b67_logo-suedtirol-0-70-c-100.png\"  alt=\"logo-suedtirol\"  title=\"\"   =\"\" ><\/a><\/div><\/div><\/div><div class=\"ffb-id-1v9iigp7 fg-col col-xs-12 col-md-3 fg-col-not-match fg-text-dark\"><div class=\"fg-vcenter-wrapper\"><div class=\"fg-vcenter\"><a class=\"ffb-id-1v9iigp8 responsive-image-wrapper fg-text-dark\" href=\"https:\/\/www.suedtirol-tirol.com\" target=\"_blank\"><img decoding=\"async\"  class=\"fg-image  img-responsive\"  src=\"http:\/\/a2s-sports.com\/wp-content\/uploads\/freshizer\/855798b783de1b9e05642eedf534cc31_suedtirol-tirol-logo-big-0-70-c-100.png\"  alt=\"suedtirol-tirol-logo-big\"  title=\"\"   =\"\" ><\/a><\/div><\/div><\/div><div class=\"ffb-id-1v9ilfj7 fg-col col-xs-12 col-md-3 fg-col-not-match fg-text-dark\"><div class=\"fg-vcenter-wrapper\"><div class=\"fg-vcenter\"><a class=\"ffb-id-1v9j8bit responsive-image-wrapper fg-text-dark\" href=\"http:\/\/www.ortlerskiarena.com\" target=\"_blank\"><img decoding=\"async\"  class=\"fg-image  img-responsive\"  src=\"http:\/\/a2s-sports.com\/wp-content\/uploads\/freshizer\/de02f517f1ba87c081a15dbd6314e4b0_ortlerskiarena-0-70-c-100.png\"  alt=\"ortlerskiarena\"  title=\"\"   =\"\" ><\/a><\/div><\/div><\/div><div class=\"ffb-id-20d1evpv fg-col col-xs-12 col-md-12 fg-text-dark\"><div class=\"ffb-id-20d1fa2o ffg-empty-space fg-text-dark\"><\/div><\/div><\/div><\/div><\/section><style>.ffb-id-1r5qmcdd{ \nheight: 50px;\n}\n.ffb-id-1r5otq51{ \ntext-align: center !important;\n}\n.ffb-id-1r5otq51 ,\n.ffb-id-1r5otq51:before,\n.ffb-id-1r5otq51:after,\n.ffb-id-1r5otq51:hover,\n.ffb-id-1r5otq51:focus,\n.ffb-id-1r5otq51 *,\n.ffb-id-1r5otq51 *:before,\n.ffb-id-1r5otq51 *:after,\n.ffb-id-1r5otq51 *:hover,\n.ffb-id-1r5otq51 *:focus{ \ntext-align: center !important;\n}\n@media (min-width:768px) { \n.ffb-id-1r5otq51{ \ntext-align: center !important;\n}\n}@media (min-width:768px) { \n.ffb-id-1r5otq51 ,\n.ffb-id-1r5otq51:before,\n.ffb-id-1r5otq51:after,\n.ffb-id-1r5otq51:hover,\n.ffb-id-1r5otq51:focus,\n.ffb-id-1r5otq51 *,\n.ffb-id-1r5otq51 *:before,\n.ffb-id-1r5otq51 *:after,\n.ffb-id-1r5otq51 *:hover,\n.ffb-id-1r5otq51 *:focus{ \ntext-align: center !important;\n}\n}@media (min-width:992px) { \n.ffb-id-1r5otq51{ \ntext-align: center !important;\n}\n}@media (min-width:992px) { \n.ffb-id-1r5otq51 ,\n.ffb-id-1r5otq51:before,\n.ffb-id-1r5otq51:after,\n.ffb-id-1r5otq51:hover,\n.ffb-id-1r5otq51:focus,\n.ffb-id-1r5otq51 *,\n.ffb-id-1r5otq51 *:before,\n.ffb-id-1r5otq51 *:after,\n.ffb-id-1r5otq51 *:hover,\n.ffb-id-1r5otq51 *:focus{ \ntext-align: center !important;\n}\n}@media (min-width:1200px) { \n.ffb-id-1r5otq51{ \ntext-align: center !important;\n}\n}@media (min-width:1200px) { \n.ffb-id-1r5otq51 ,\n.ffb-id-1r5otq51:before,\n.ffb-id-1r5otq51:after,\n.ffb-id-1r5otq51:hover,\n.ffb-id-1r5otq51:focus,\n.ffb-id-1r5otq51 *,\n.ffb-id-1r5otq51 *:before,\n.ffb-id-1r5otq51 *:after,\n.ffb-id-1r5otq51 *:hover,\n.ffb-id-1r5otq51 *:focus{ \ntext-align: center !important;\n}\n}.ffb-id-1r5qeojq{ \nheight: 50px;\n}\n.ffb-id-1v9iba91{ text-align: center !important;}.ffb-id-1v9iba91 ,.ffb-id-1v9iba91:before,.ffb-id-1v9iba91:after,.ffb-id-1v9iba91:hover,.ffb-id-1v9iba91:focus,.ffb-id-1v9iba91 *,.ffb-id-1v9iba91 *:before,.ffb-id-1v9iba91 *:after,.ffb-id-1v9iba91 *:hover,.ffb-id-1v9iba91 *:focus{ text-align: center !important;}@media (min-width:768px) { .ffb-id-1v9iba91{ text-align: center !important;}}@media (min-width:768px) { .ffb-id-1v9iba91 ,.ffb-id-1v9iba91:before,.ffb-id-1v9iba91:after,.ffb-id-1v9iba91:hover,.ffb-id-1v9iba91:focus,.ffb-id-1v9iba91 *,.ffb-id-1v9iba91 *:before,.ffb-id-1v9iba91 *:after,.ffb-id-1v9iba91 *:hover,.ffb-id-1v9iba91 *:focus{ text-align: center !important;}}@media (min-width:992px) { .ffb-id-1v9iba91{ text-align: center !important;}}@media (min-width:992px) { .ffb-id-1v9iba91 ,.ffb-id-1v9iba91:before,.ffb-id-1v9iba91:after,.ffb-id-1v9iba91:hover,.ffb-id-1v9iba91:focus,.ffb-id-1v9iba91 *,.ffb-id-1v9iba91 *:before,.ffb-id-1v9iba91 *:after,.ffb-id-1v9iba91 *:hover,.ffb-id-1v9iba91 *:focus{ text-align: center !important;}}@media (min-width:1200px) { .ffb-id-1v9iba91{ text-align: center !important;}}@media (min-width:1200px) { .ffb-id-1v9iba91 ,.ffb-id-1v9iba91:before,.ffb-id-1v9iba91:after,.ffb-id-1v9iba91:hover,.ffb-id-1v9iba91:focus,.ffb-id-1v9iba91 *,.ffb-id-1v9iba91 *:before,.ffb-id-1v9iba91 *:after,.ffb-id-1v9iba91 *:hover,.ffb-id-1v9iba91 *:focus{ text-align: center !important;}}.ffb-id-20d1fa2o{ height: 50px;}<\/style><script type=\"text\/javascript\"><\/script><\/p>\n","protected":false},"excerpt":{"rendered":"","protected":false},"author":1,"featured_media":0,"parent":0,"menu_order":0,"comment_status":"closed","ping_status":"closed","template":"","meta":{"footnotes":""},"class_list":["post-12554","page","type-page","status-publish","hentry","post-wrapper"],"_links":{"self":[{"href":"http:\/\/a2s-sports.com\/index.php?rest_route=\/wp\/v2\/pages\/12554","targetHints":{"allow":["GET"]}}],"collection":[{"href":"http:\/\/a2s-sports.com\/index.php?rest_route=\/wp\/v2\/pages"}],"about":[{"href":"http:\/\/a2s-sports.com\/index.php?rest_route=\/wp\/v2\/types\/page"}],"author":[{"embeddable":true,"href":"http:\/\/a2s-sports.com\/index.php?rest_route=\/wp\/v2\/users\/1"}],"replies":[{"embeddable":true,"href":"http:\/\/a2s-sports.com\/index.php?rest_route=%2Fwp%2Fv2%2Fcomments&post=12554"}],"version-history":[{"count":6,"href":"http:\/\/a2s-sports.com\/index.php?rest_route=\/wp\/v2\/pages\/12554\/revisions"}],"predecessor-version":[{"id":13259,"href":"http:\/\/a2s-sports.com\/index.php?rest_route=\/wp\/v2\/pages\/12554\/revisions\/13259"}],"wp:attachment":[{"href":"http:\/\/a2s-sports.com\/index.php?rest_route=%2Fwp%2Fv2%2Fmedia&parent=12554"}],"curies":[{"name":"wp","href":"https:\/\/api.w.org\/{rel}","templated":true}]}}