{"id":12559,"date":"2018-01-05T16:17:31","date_gmt":"2018-01-05T15:17:31","guid":{"rendered":"http:\/\/adsensio.ch\/?page_id=12559"},"modified":"2018-03-11T11:34:42","modified_gmt":"2018-03-11T10:34:42","slug":"cookies_de","status":"publish","type":"page","link":"http:\/\/a2s-sports.com\/?page_id=12559&lang=de","title":{"rendered":"Cookies_de"},"content":{"rendered":"<p><section class=\"ffb-id-qiudomo fg-section fg-el-has-bg fg-text-light\"><span class=\"fg-bg\"><span data-fg-bg=\"{&quot;type&quot;:&quot;image&quot;,&quot;opacity&quot;:&quot;1&quot;,&quot;url&quot;:&quot;http:\\\/\\\/adsensio.ch\\\/wp-content\\\/uploads\\\/2017\\\/12\\\/JFR_3651.jpg&quot;,&quot;size&quot;:&quot;cover&quot;,&quot;repeat&quot;:&quot;no-repeat&quot;,&quot;attachment&quot;:&quot;scroll&quot;,&quot;position&quot;:&quot;center center&quot;}\" class=\"fg-bg-layer fg-bg-type-image \" style=\"opacity: 1; background-image: url(&quot;http:\/\/adsensio.ch\/wp-content\/uploads\/2017\/12\/JFR_3651.jpg&quot;); background-repeat: no-repeat; background-attachment: scroll; background-position: center center; background-size: cover;\"><\/span><\/span><div class=\"fg-container container fg-container-large fg-container-lvl--1 \"><div class=\"fg-row row    \" ><div class=\"ffb-id-qiug00h fg-col col-xs-12 col-md-6 fg-el-has-bg fg-temp-height fg-text-light\" data-fg-force-min-height=\"{&quot;breakpoint_1&quot;:{&quot;height&quot;:&quot;100&quot;,&quot;offset&quot;:&quot;&quot;},&quot;breakpoint_2&quot;:{&quot;height&quot;:&quot;100&quot;,&quot;offset&quot;:&quot;&quot;},&quot;breakpoint_3&quot;:{&quot;height&quot;:&quot;100&quot;,&quot;offset&quot;:&quot;&quot;},&quot;breakpoint_4&quot;:{&quot;height&quot;:&quot;100&quot;,&quot;offset&quot;:&quot;&quot;}}\"><span class=\"fg-bg\"><span data-fg-bg=\"{&quot;type&quot;:&quot;color&quot;,&quot;opacity&quot;:&quot;0.5&quot;,&quot;color&quot;:&quot;#f07504&quot;,&quot;hidden_xs&quot;:&quot;yes&quot;}\" class=\"fg-bg-layer fg-bg-type-color hidden-xs\" style=\"opacity: 0.5; background-color: #f07504;\"><\/span><\/span><div class=\"fg-vcenter-wrapper\"><div class=\"fg-vcenter\"><p class=\"ffb-id-qjbus29 fg-paragraph text-center    fg-text-light\"><\/p>\n<h2 style=\"text-align: center\"><span style=\"color: #ffffff\">\u2022 Cookie Datenschutzrichtlinien \u2022<\/span><\/h2>\n<p>&nbsp;<\/p>\n<p><\/p><\/div><\/div><\/div><div class=\"ffb-id-1sv3jblf fg-col col-xs-12 col-md-6 fg-text-light\"><\/div><\/div><\/div><\/section><style>@media (min-width:768px) { .ffb-id-qiug00h{ padding-left: 50px;}}@media (min-width:992px) { .ffb-id-qiug00h{ padding-left: 50px;}}@media (min-width:1200px) { .ffb-id-qiug00h{ padding-left: 50px;}}@media (max-width:767px) {  .ffb-id-qiug00h.fg-temp-height{ height:100vh;}}@media (min-width:768px) and (max-width:991px) {  .ffb-id-qiug00h.fg-temp-height{ height:100vh;}}@media (min-width:992px) and (max-width:1199px) {  .ffb-id-qiug00h.fg-temp-height{ height:100vh;}}@media (min-width:1200px) {  .ffb-id-qiug00h.fg-temp-height{ height:100vh;}}<\/style><script type=\"text\/javascript\"><\/script><a class=\"ffb-id-qj2ffaj ffb-scrollto-link ffb-scrollto ffb-scrollto-anim-bounce fg-text-dark\" href=\"#\"><i class=\"ffb-scrollto-icon ff-font-awesome4 icon-angle-double-down fg-text-dark ffb-one-icon-1\"><\/i><\/a><style>@media (min-width:768px) { \n.ffb-id-qiug00h{ \npadding-left: 50px;\n\n}\n}@media (min-width:992px) { \n.ffb-id-qiug00h{ \npadding-left: 50px;\n\n}\n}@media (min-width:1200px) { \n.ffb-id-qiug00h{ \npadding-left: 50px;\n\n}\n}@media (max-width:767px) { \n .ffb-id-qiug00h.fg-temp-height{ \nheight:100vh;\n}\n}@media (min-width:768px) and (max-width:991px) { \n .ffb-id-qiug00h.fg-temp-height{ \nheight:100vh;\n}\n}@media (min-width:992px) and (max-width:1199px) { \n .ffb-id-qiug00h.fg-temp-height{ \nheight:100vh;\n}\n}@media (min-width:1200px) { \n .ffb-id-qiug00h.fg-temp-height{ \nheight:100vh;\n}\n}<\/style><script type=\"text\/javascript\"><\/script><section class=\"ffb-id-1r5l2t2u fg-section fg-text-dark\"><div class=\"fg-container container fg-container-large fg-container-lvl--1 \"><div class=\"fg-row row    \" ><div class=\"ffb-id-1r5otq51 fg-col col-xs-6 col-sm-6 col-md-12 col-lg-12 fg-text-dark\"><div class=\"fg-vcenter-wrapper\"><div class=\"fg-vcenter\"><p class=\"ffb-id-1r5p4csc fg-text-dark\" style=\"text-align: center;\"><img loading=\"lazy\" decoding=\"async\" src=\"\/wp-content\/uploads\/2018\/01\/a2s_Ski_BW-v2a.png\" alt=\"A2S-Sports Logo bw\" width=\"60\" height=\"60\" \/><\/p><div class=\"ffb-id-1r5qeojq ffg-empty-space fg-text-dark\"><\/div><\/div><\/div><\/div><div class=\"ffb-id-1r5l2t2v fg-col col-xs-12 col-md-2 fg-text-dark\"><\/div><div class=\"ffb-id-1r5l2t30 fg-col col-xs-12 col-md-8 fg-text-dark\"><div class=\"ffb-id-1r5kt13i fg-paragraph ff-richtext text-left    fg-text-dark\"><\/p>\n<p style=\"margin-top: 0px;margin-bottom: 20px;color: #745852;font-family: 'Open Sans', sans-serif;font-size: 15px\">Wie vom Gesetz vorgeschrieben, teilen wir Websitebesuchern ausdr\u00fccklich mit, dass auf dieser Website Cookies zum Einsatz kommen. Das vorliegende Dokument dient als Information der auf der Website befindlichen Cookies. Zudem finden Sie hier auch alle M\u00f6glichkeiten um diese Cookies zu deaktivieren. Bitte beachten Sie zus\u00e4tzlich, dass die meisten Browser Cookies automatisch akzeptieren. Wenn Sie mit dem Einsatz von Cookies nicht einverstanden sind, m\u00fcssen Sie diese selbst in den Browser-Einstellungen deaktivieren bzw. l\u00f6schen. Beim Deaktivieren von Cookies kann es dazu kommen, dass Sie nicht mehr alle Funktionen der Website in vollem Umfang nutzen k\u00f6nnen.<\/p>\n<h2 style=\"margin-top: 0px;margin-bottom: 20px;font-weight: normal;line-height: normal;font-family: 'Open Sans', sans-serif;font-size: 25px;color: #745852;text-align: center\">Was sind Cookies?<\/h2>\n<p style=\"margin-top: 0px;margin-bottom: 20px;color: #745852;font-family: 'Open Sans', sans-serif;font-size: 15px\">Cookies sind kleine Textteile, welche von der besuchten Website \u00fcber den Browser auf den Computer des Nutzers gespeichert werden. Sobald ein Nutzer auf die besuchte Seite zur\u00fcckkehrt ruft der Browser die gespeicherten Cookies ab und sendet diese an den Server.<\/p>\n<p style=\"margin-top: 0px;margin-bottom: 20px;color: #745852;font-family: 'Open Sans', sans-serif;font-size: 15px\">Im italienischen Gesetz wird zwischen den folgenden Cookie - Typen unterschieden:<\/p>\n<p style=\"margin-top: 0px;margin-bottom: 20px;color: #745852;font-family: 'Open Sans', sans-serif;font-size: 15px\">Technische Cookies: Diese Art von Cookies tragen dazu bei, dass ein Nutzer den vollen Umfang der Seite nutzen kann und werden f\u00fcr informatische Authentifizierungen, Aufzeichnung von Sitzungen und Speicherung von Informationen auf der Webseite verwendet<br \/>\nProfilierungscookies werden verwendet um personalisierte Werbung zu schalten, indem Gewohnheiten, Entscheidungen von Benutzern aufgezeichnet werden.<\/p>\n<h2 style=\"margin-top: 0px;margin-bottom: 20px;font-weight: normal;line-height: normal;font-family: 'Open Sans', sans-serif;font-size: 25px;color: #745852;text-align: center\">Google Analytics<\/h2>\n<p style=\"margin-top: 0px;margin-bottom: 20px;color: #745852;font-family: 'Open Sans', sans-serif;font-size: 15px\">Diese Website benutzt Google Analytics, welches zur statischen Auswertung der Besucherzahlen, Browsertypen usw dient. Hier werden keinerlei personenbezogene Informationen, sondern ausschlie\u00dflich verschl\u00fcsselte Daten \u00fcbertragen.<\/p>\n<p style=\"margin-top: 0px;margin-bottom: 20px;color: #745852;font-family: 'Open Sans', sans-serif;font-size: 15px\">Privacy Analytics: <a href=\"https:\/\/support.google.com\/analytics\/answer\/6004245?hl=de\">https:\/\/support.google.com\/analytics\/answer\/6004245?hl=de<\/a><\/p>\n<p style=\"margin-top: 0px;margin-bottom: 20px;color: #745852;font-family: 'Open Sans', sans-serif;font-size: 15px\">Folgende Cookies werden durch Google Analytics gespeichert.<\/p>\n<p><\/div><div class=\"ffb-id-1r5qmcdd ffg-empty-space fg-text-dark\"><\/div><!DOCTYPE class=\"ffb-id-1r670sru fg-text-dark\">\n<html>\n<head>\n<style>\ntable {\n width:100%;\n}\ntable#t01 tr:nth-child(even) {\n background-color: #eee;\n}\ntable#t01 tr:nth-child(odd) {\n background-color:#fff;\n}\ntable#t01 th {\n background-color: #53302A;\n color: white;\n}\ntd, th {\n border: 1px solid #dddddd;\n text-align: left;\n padding: 8px;\n}\n<\/style>\n<\/head>\n<body>\n\n<table id=\"t01\">\n <tr>\n <th>Cookie Name<\/th>\n <th>Zweck<\/th> \n <th>Lebensdauer<\/th>\n <\/tr>\n <tr>\n <td>_ga<\/td>\n <td>Dieses Cookie wird verwendet, um die User zu unterscheiden.<\/td>\n <td>Cookie verf\u00e4llt in 2 Jahren.<\/td>\n <\/tr>\n <tr>\n <td>_gat<\/td>\n <td>Dieses Cookie beschr\u00e4nkt die gesendeten Anfragen.<\/td>\n <td>Das Cookie verf\u00e4llt in 10 Minuten.<\/td>\n <\/tr>\n <tr>\n <td>__utma<\/td>\n <td>Dieses Cookie identifiziert die User.<\/td>\n <td>Das Cookie verf\u00e4llt in 2 Jahren.<\/td>\n <\/tr>\n <tr>\n <td>__utmb<\/td>\n <td>Dieses Cookie speichert den Zeitpunkt, in dem der User in die Webseite eingestiegen ist. Zusammen mit dem _utmc Cookie erm\u00f6glicht es, Daten zur Dauer der Sitzung zu sammeln.<\/td>\n <td>Dieses Cookie verf\u00e4llt nach 30 Minuten oder sobald die Webseite verlassen wird.<\/td>\n <\/tr>\n <tr>\n <td>__utmc<\/td>\n <td>Mit diesem Cookie kann man die Dauer der Sitzung bestimmen.<\/td>\n <td>Das Cookie verf\u00e4llt, wenn der Browser geschlossen wird.<\/td>\n <\/tr>\n <tr>\n <td>__utmt<\/td>\n <td>Dieses Cookie beschr\u00e4nkt die gesendeten Anfragen.<\/td>\n <td>Das Cookie verf\u00e4llt in 10 Minuten.<\/td>\n <\/tr>\n <tr>\n <td>__utmz<\/td>\n <td>Dieses Cookie zeichnet die Traffic-Quellen der Webseite auf: Suchmaschine, Suchanfragen, verlinkte Seiten.<\/td>\n <td>Das Cookie verf\u00e4llt in 6 Monaten.<\/td>\n <\/tr>\n<\/table>\n\n<\/body>\n<\/html><div class=\"ffb-id-1r67venn ffg-empty-space fg-text-dark\"><\/div><div class=\"ffb-id-1r67vs4k fg-paragraph ff-richtext text-left    fg-text-dark\"><\/p>\n<p style=\"margin-top: 0px;margin-bottom: 20px;color: #745852;font-family: 'Open Sans', sans-serif;font-size: 15px\">Sollten Sie sich dennoch gegen die Speicherung von Google Analytics Cookies entscheiden, so k\u00f6nnen Sie sich hier das entsprechende Browser Add-on herunterladen <a href=\"https:\/\/tools.google.com\/dlpage\/gaoptout\">https:\/\/tools.google.com\/dlpage\/gaoptout<\/a><\/p>\n<h2 style=\"margin-top: 0px;margin-bottom: 20px;font-weight: normal;line-height: normal;font-family: 'Open Sans', sans-serif;font-size: 25px;color: #745852;text-align: center\">Weitere Cookies<\/h2>\n<p><\/div><div class=\"ffb-id-1r681b47 ffg-empty-space fg-text-dark\"><\/div><!DOCTYPE class=\"ffb-id-1r681klo fg-text-dark\">\n<html>\n<head>\n<style>\ntable {\n width:100%;\n}\ntable#t01 tr:nth-child(even) {\n background-color: #eee;\n}\ntable#t01 tr:nth-child(odd) {\n background-color:#fff;\n}\ntable#t01 th {\n background-color: #53302A;\n color: white;\n}\ntd, th {\n border: 1px solid #dddddd;\n text-align: left;\n padding: 8px;\n}\n<\/style>\n<\/head>\n<body>\n\n<table id=\"t01\">\n <tr>\n <th>Cookie Name<\/th>\n <th>Zweck<\/th> \n <th>Lebensdauer<\/th>\n <\/tr>\n <tr>\n <td>acceptedCookies<\/td>\n <td>Dieses Cookie wird verwendet, um das erneute Anzeigen des Banners zu vermeiden.<\/td>\n <td>Cookie verf\u00e4llt nie.<\/td>\n <\/tr>\n <tr>\n <td>_pk_id.*<\/td>\n <td>Dieses Cookie wird verwendet, um die User zu unterscheiden.<\/td>\n <td>Das Cookie verf\u00e4llt in einem Jahr.<\/td>\n <\/tr>\n <tr>\n <td>_pk_cvar.*<\/td>\n <td>Dieses Cookie wird verwendet, um die User zu unterscheiden.<\/td>\n <td>Das Cookie verf\u00e4llt in einem Jahr.<\/td>\n <\/tr>\n <tr>\n <td>_pk_ref.*<\/td>\n <td>Dieses Cookie wird verwendet, um die User zu unterscheiden.<\/td>\n <td>Das Cookie verf\u00e4llt in einem Jahr.<\/td>\n <\/tr>\n <tr>\n <td>_pk_ses.*<\/td>\n <td>Dieses Cookie wird verwendet, um die User zu unterscheiden.<\/td>\n <td>Das Cookie verf\u00e4llt in einem Jahr.<\/td>\n <\/tr>\n <tr>\n <td>__utmt<\/td>\n <td>Dieses Cookie beschr\u00e4nkt die gesendeten Anfragen.<\/td>\n <td>Das Cookie verf\u00e4llt in 10 Minuten.<\/td>\n <\/tr>\n <tr>\n <td>__utmz<\/td>\n <td>Dieses Cookie zeichnet die Traffic-Quellen der Webseite auf: Suchmaschine, Suchanfragen, verlinkte Seiten.<\/td>\n <td>Das Cookie verf\u00e4llt in 6 Monaten.<\/td>\n <\/tr>\n<\/table>\n\n<\/body>\n<\/html><div class=\"ffb-id-1r68dplv ffg-empty-space fg-text-dark\"><\/div><div class=\"ffb-id-1r68e3kr ff-richtext fg-text-dark\"><h2 style=\"margin-top: 0px; margin-bottom: 20px; font-weight: normal; line-height: normal; font-family: 'Open Sans', sans-serif; font-size: 25px; color: #745852; text-align: center;\">Deaktivierung Cookies<\/h2>\n<p style=\"margin-top: 0px; margin-bottom: 20px; color: #745852; font-family: 'Open Sans', sans-serif; font-size: 15px;\"><a style=\"text-decoration: none; position: relative; color: #512f27; font-weight: bold;\" title=\"https:\/\/support.microsoft.com\/en-us\/kb\/278835\/de\" href=\"https:\/\/support.microsoft.com\/en-us\/kb\/278835\/de\" target=\"_blank\" rel=\"noopener\">Internet Explorer<br \/><\/a><br \/><a style=\"text-decoration: none; position: relative; color: #512f27; font-weight: bold;\" title=\"http:\/\/www.windowsphone.com\/en-us\/how-to\/wp7\/web\/changing-privacy-and-other-browser-settings\" href=\"http:\/\/www.windowsphone.com\/en-us\/how-to\/wp7\/web\/changing-privacy-and-other-browser-settings\" target=\"_blank\" rel=\"noopener\">Internet Explorer (mobile Version)<br \/><\/a><\/p>\n<p style=\"margin-top: 0px; margin-bottom: 20px; color: #745852; font-family: 'Open Sans', sans-serif; font-size: 15px;\"><a style=\"text-decoration: none; position: relative; color: #512f27; font-weight: bold;\" title=\"https:\/\/support.google.com\/chrome\/answer\/95647?hl=de\" href=\"https:\/\/support.google.com\/chrome\/answer\/95647?hl=de\" target=\"_blank\" rel=\"noopener\">Chrome<\/a><\/p>\n<p style=\"margin-top: 0px; margin-bottom: 20px; color: #745852; font-family: 'Open Sans', sans-serif; font-size: 15px;\"><a style=\"text-decoration: none; position: relative; color: #512f27; font-weight: bold;\" title=\"https:\/\/support.apple.com\/kb\/PH17191?viewlocale=de_DE&locale=en_US\" href=\"https:\/\/support.apple.com\/kb\/PH17191?viewlocale=de_DE&locale=en_US\" target=\"_blank\" rel=\"noopener\">Safari<\/a><\/p>\n<p style=\"margin-top: 0px; margin-bottom: 20px; color: #745852; font-family: 'Open Sans', sans-serif; font-size: 15px;\"><a style=\"text-decoration: none; position: relative; color: #512f27; font-weight: bold;\" title=\"https:\/\/support.apple.com\/de-de\/HT201265\" href=\"https:\/\/support.apple.com\/de-de\/HT201265\" target=\"_blank\" rel=\"noopener\">Safari (mobile Version)<br \/><\/a><\/p>\n<p style=\"margin-top: 0px; margin-bottom: 20px; color: #745852; font-family: 'Open Sans', sans-serif; font-size: 15px;\"><a style=\"text-decoration: none; position: relative; color: #512f27; font-weight: bold;\" title=\"https:\/\/support.mozilla.org\/de\/kb\/cookies-erlauben-und-ablehnen\" href=\"https:\/\/support.mozilla.org\/de\/kb\/cookies-erlauben-und-ablehnen\" target=\"_blank\" rel=\"noopener\">Firefox<\/a><\/p>\n<p style=\"margin-top: 0px; margin-bottom: 20px; color: #745852; font-family: 'Open Sans', sans-serif; font-size: 15px;\"><a style=\"text-decoration: none; position: relative; color: #512f27; font-weight: bold;\" title=\"http:\/\/docs.blackberry.com\/en\/smartphone_users\/deliverables\/32004\/Turn_off_cookies_in_the_browser_60_1072866_11.jsp\" href=\"http:\/\/docs.blackberry.com\/en\/smartphone_users\/deliverables\/32004\/Turn_off_cookies_in_the_browser_60_1072866_11.jsp\" target=\"_blank\" rel=\"noopener\">Blackberry<\/a><\/p>\n<p style=\"margin-top: 0px; margin-bottom: 20px; color: #745852; font-family: 'Open Sans', sans-serif; font-size: 15px;\"><a style=\"text-decoration: none; position: relative; color: #512f27; font-weight: bold;\" title=\"http:\/\/www.cookie-chef.de\/aktivieren-zulassen-android---browser-0\/34.html\" href=\"http:\/\/www.cookie-chef.de\/aktivieren-zulassen-android---browser-0\/34.html\" target=\"_blank\" rel=\"noopener\">Android<\/a><\/p>\n<p style=\"margin-top: 0px; margin-bottom: 20px; color: #745852; font-family: 'Open Sans', sans-serif; font-size: 15px;\"><a style=\"text-decoration: none; position: relative; color: #512f27; font-weight: bold;\" title=\"http:\/\/www.opera.com\/help\/tutorials\/security\/cookies\/\" href=\"http:\/\/www.opera.com\/help\/tutorials\/security\/cookies\/\" target=\"_self\">Opera<\/a><\/p><\/div><div class=\"ffb-id-1r68f8be ffg-empty-space fg-text-dark\"><\/div><\/div><div class=\"ffb-id-1r5l2t31 fg-col col-xs-12 col-md-2 fg-text-dark\"><\/div><\/div><\/div><\/section><style>.ffb-id-1r5l2t2u{ margin-top: 80px;}.ffb-id-1r68f8be{ height: 50px;}.ffb-id-1r68dplv{ height: 50px;}.ffb-id-1r681b47{ height: 50px;}.ffb-id-1r67venn{ height: 50px;}.ffb-id-1r5qmcdd{ height: 50px;}.ffb-id-1r5qeojq{ height: 50px;}<\/style><script type=\"text\/javascript\"><\/script><section class=\"ffb-id-1v9iba91 fg-section fg-text-dark\" id=\"Region\"><div class=\"fg-container container fg-container-large fg-container-lvl--1 \"><div class=\"fg-row row    \" ><div class=\"ffb-id-1v9iloru fg-col col-xs-12 col-md-3 fg-col-not-match fg-text-dark\"><div class=\"fg-vcenter-wrapper\"><div class=\"fg-vcenter\"><a class=\"ffb-id-1v9j3u6i responsive-image-wrapper fg-text-dark\" href=\"https:\/\/www.vinschgau.net\/de\/feriengebiete\/ortlergebiet.html\" target=\"_blank\"><img decoding=\"async\"  class=\"fg-image  img-responsive\"  src=\"http:\/\/a2s-sports.com\/wp-content\/uploads\/freshizer\/524d65d5da527aff6a8d54a6ffc27148_Logo-0-70-c-100.png\"  alt=\"Logo\"  title=\"\"   =\"\" ><\/a><\/div><\/div><\/div><div class=\"ffb-id-1v9iba92 fg-col col-xs-12 col-md-3 fg-col-not-match fg-text-dark\"><div class=\"fg-vcenter-wrapper\"><div class=\"fg-vcenter\"><a class=\"ffb-id-1v9icu66 responsive-image-wrapper fg-text-dark\" href=\"https:\/\/www.suedtirol.info\/de\" target=\"_blank\"><img decoding=\"async\"  class=\"fg-image  img-responsive\"  src=\"http:\/\/a2s-sports.com\/wp-content\/uploads\/freshizer\/f04f39cb49cbdbd37e344782540c6b67_logo-suedtirol-0-70-c-100.png\"  alt=\"logo-suedtirol\"  title=\"\"   =\"\" ><\/a><\/div><\/div><\/div><div class=\"ffb-id-1v9iigp7 fg-col col-xs-12 col-md-3 fg-col-not-match fg-text-dark\"><div class=\"fg-vcenter-wrapper\"><div class=\"fg-vcenter\"><a class=\"ffb-id-1v9iigp8 responsive-image-wrapper fg-text-dark\" href=\"https:\/\/www.suedtirol-tirol.com\" target=\"_blank\"><img decoding=\"async\"  class=\"fg-image  img-responsive\"  src=\"http:\/\/a2s-sports.com\/wp-content\/uploads\/freshizer\/855798b783de1b9e05642eedf534cc31_suedtirol-tirol-logo-big-0-70-c-100.png\"  alt=\"suedtirol-tirol-logo-big\"  title=\"\"   =\"\" ><\/a><\/div><\/div><\/div><div class=\"ffb-id-1v9ilfj7 fg-col col-xs-12 col-md-3 fg-col-not-match fg-text-dark\"><div class=\"fg-vcenter-wrapper\"><div class=\"fg-vcenter\"><a class=\"ffb-id-1v9j8bit responsive-image-wrapper fg-text-dark\" href=\"http:\/\/www.ortlerskiarena.com\" target=\"_blank\"><img decoding=\"async\"  class=\"fg-image  img-responsive\"  src=\"http:\/\/a2s-sports.com\/wp-content\/uploads\/freshizer\/de02f517f1ba87c081a15dbd6314e4b0_ortlerskiarena-0-70-c-100.png\"  alt=\"ortlerskiarena\"  title=\"\"   =\"\" ><\/a><\/div><\/div><\/div><div class=\"ffb-id-20d1evpv fg-col col-xs-12 col-md-12 fg-text-dark\"><div class=\"ffb-id-20d1fa2o ffg-empty-space fg-text-dark\"><\/div><\/div><\/div><\/div><\/section><style>.ffb-id-1r5l2t2u{ \nmargin-top: 80px;\n\n}\n.ffb-id-1r68f8be{ \nheight: 50px;\n}\n.ffb-id-1r68dplv{ \nheight: 50px;\n}\n.ffb-id-1r681b47{ \nheight: 50px;\n}\n.ffb-id-1r67venn{ \nheight: 50px;\n}\n.ffb-id-1r5qmcdd{ \nheight: 50px;\n}\n.ffb-id-1r5qeojq{ \nheight: 50px;\n}\n.ffb-id-1v9iba91{ text-align: center !important;}.ffb-id-1v9iba91 ,.ffb-id-1v9iba91:before,.ffb-id-1v9iba91:after,.ffb-id-1v9iba91:hover,.ffb-id-1v9iba91:focus,.ffb-id-1v9iba91 *,.ffb-id-1v9iba91 *:before,.ffb-id-1v9iba91 *:after,.ffb-id-1v9iba91 *:hover,.ffb-id-1v9iba91 *:focus{ text-align: center !important;}@media (min-width:768px) { .ffb-id-1v9iba91{ text-align: center !important;}}@media (min-width:768px) { .ffb-id-1v9iba91 ,.ffb-id-1v9iba91:before,.ffb-id-1v9iba91:after,.ffb-id-1v9iba91:hover,.ffb-id-1v9iba91:focus,.ffb-id-1v9iba91 *,.ffb-id-1v9iba91 *:before,.ffb-id-1v9iba91 *:after,.ffb-id-1v9iba91 *:hover,.ffb-id-1v9iba91 *:focus{ text-align: center !important;}}@media (min-width:992px) { .ffb-id-1v9iba91{ text-align: center !important;}}@media (min-width:992px) { .ffb-id-1v9iba91 ,.ffb-id-1v9iba91:before,.ffb-id-1v9iba91:after,.ffb-id-1v9iba91:hover,.ffb-id-1v9iba91:focus,.ffb-id-1v9iba91 *,.ffb-id-1v9iba91 *:before,.ffb-id-1v9iba91 *:after,.ffb-id-1v9iba91 *:hover,.ffb-id-1v9iba91 *:focus{ text-align: center !important;}}@media (min-width:1200px) { .ffb-id-1v9iba91{ text-align: center !important;}}@media (min-width:1200px) { .ffb-id-1v9iba91 ,.ffb-id-1v9iba91:before,.ffb-id-1v9iba91:after,.ffb-id-1v9iba91:hover,.ffb-id-1v9iba91:focus,.ffb-id-1v9iba91 *,.ffb-id-1v9iba91 *:before,.ffb-id-1v9iba91 *:after,.ffb-id-1v9iba91 *:hover,.ffb-id-1v9iba91 *:focus{ text-align: center !important;}}.ffb-id-20d1fa2o{ height: 50px;}<\/style><script type=\"text\/javascript\"><\/script><\/p>\n","protected":false},"excerpt":{"rendered":"","protected":false},"author":1,"featured_media":0,"parent":0,"menu_order":0,"comment_status":"closed","ping_status":"closed","template":"","meta":{"footnotes":""},"class_list":["post-12559","page","type-page","status-publish","hentry","post-wrapper"],"_links":{"self":[{"href":"http:\/\/a2s-sports.com\/index.php?rest_route=\/wp\/v2\/pages\/12559","targetHints":{"allow":["GET"]}}],"collection":[{"href":"http:\/\/a2s-sports.com\/index.php?rest_route=\/wp\/v2\/pages"}],"about":[{"href":"http:\/\/a2s-sports.com\/index.php?rest_route=\/wp\/v2\/types\/page"}],"author":[{"embeddable":true,"href":"http:\/\/a2s-sports.com\/index.php?rest_route=\/wp\/v2\/users\/1"}],"replies":[{"embeddable":true,"href":"http:\/\/a2s-sports.com\/index.php?rest_route=%2Fwp%2Fv2%2Fcomments&post=12559"}],"version-history":[{"count":6,"href":"http:\/\/a2s-sports.com\/index.php?rest_route=\/wp\/v2\/pages\/12559\/revisions"}],"predecessor-version":[{"id":13626,"href":"http:\/\/a2s-sports.com\/index.php?rest_route=\/wp\/v2\/pages\/12559\/revisions\/13626"}],"wp:attachment":[{"href":"http:\/\/a2s-sports.com\/index.php?rest_route=%2Fwp%2Fv2%2Fmedia&parent=12559"}],"curies":[{"name":"wp","href":"https:\/\/api.w.org\/{rel}","templated":true}]}}